{"id":9865,"date":"2023-10-25T15:55:22","date_gmt":"2023-10-25T15:55:22","guid":{"rendered":"http:\/\/176.223.132.137\/?post_type=product&#038;p=9865"},"modified":"2025-12-18T19:58:52","modified_gmt":"2025-12-18T19:58:52","slug":"pecas-de-xadrez-magneticas","status":"publish","type":"product","link":"https:\/\/lojaxis.com\/es\/produto\/piezas-de-ajedrez-magneticas\/","title":{"rendered":"Piezas de ajedrez magn\u00e9ticas"},"content":{"rendered":"<p>Las piezas est\u00e1n hechas de pl\u00e1stico de textura fina y contienen un im\u00e1n. Para usar con la bandeja de pared magn\u00e9tica.<\/p>\n<p>Rey: 7 cm<\/p>\n<p>No viene con la bandeja.<\/p>","protected":false},"excerpt":{"rendered":"<p>Las piezas est\u00e1n hechas de pl\u00e1stico de textura fina y contienen un im\u00e1n. Para usar con la bandeja de pared magn\u00e9tica. Rey: 7 cm No viene con la bandeja.<\/p>\n","protected":false},"featured_media":10693,"comment_status":"open","ping_status":"closed","template":"","meta":[],"product_cat":[55,54,15],"product_tag":[],"class_list":{"0":"post-9865","1":"product","2":"type-product","3":"status-publish","4":"has-post-thumbnail","6":"product_cat-pecas","7":"product_cat-xadrez","8":"product_cat-sem-categoria","9":"product_shipping_class-2kg","10":"align-left","11":"box-shadow-0","12":"box-shadow-3-hover","13":"ast-product-gallery-layout-horizontal","14":"ast-product-tabs-layout-vertical","16":"first","17":"instock","18":"taxable","19":"shipping-taxable","20":"purchasable","21":"product-type-simple"},"_links":{"self":[{"href":"https:\/\/lojaxis.com\/es\/wp-json\/wp\/v2\/product\/9865","targetHints":{"allow":["GET"]}}],"collection":[{"href":"https:\/\/lojaxis.com\/es\/wp-json\/wp\/v2\/product"}],"about":[{"href":"https:\/\/lojaxis.com\/es\/wp-json\/wp\/v2\/types\/product"}],"replies":[{"embeddable":true,"href":"https:\/\/lojaxis.com\/es\/wp-json\/wp\/v2\/comments?post=9865"}],"wp:featuredmedia":[{"embeddable":true,"href":"https:\/\/lojaxis.com\/es\/wp-json\/wp\/v2\/media\/10693"}],"wp:attachment":[{"href":"https:\/\/lojaxis.com\/es\/wp-json\/wp\/v2\/media?parent=9865"}],"wp:term":[{"taxonomy":"product_cat","embeddable":true,"href":"https:\/\/lojaxis.com\/es\/wp-json\/wp\/v2\/product_cat?post=9865"},{"taxonomy":"product_tag","embeddable":true,"href":"https:\/\/lojaxis.com\/es\/wp-json\/wp\/v2\/product_tag?post=9865"}],"curies":[{"name":"wp","href":"https:\/\/api.w.org\/{rel}","templated":true}]}}