{"id":9847,"date":"2024-01-25T16:10:02","date_gmt":"2024-01-25T16:10:02","guid":{"rendered":"http:\/\/176.223.132.137\/?post_type=product&#038;p=9847"},"modified":"2025-07-31T23:23:53","modified_gmt":"2025-07-31T23:23:53","slug":"conjunto-de-madeira-gambito-do-rei","status":"publish","type":"product","link":"https:\/\/lojaxis.com\/es\/produto\/conjunto-de-madeira-gambito-do-rei\/","title":{"rendered":"Juego de Madera Gambito de Rey"},"content":{"rendered":"<p>Tablero de ajedrez Philos Belfast:<\/p>\n<p>Hermoso tablero de ajedrez en madera de arce y \u00e9bano con una veta decorativa alrededor. Cuadrados con marqueter\u00eda, acabado mate, base de goma para evitar que el tablero resbale, sin coordenadas, tama\u00f1o 500 x 500 x 13 mm, medida lado cuadrado: 50 mm.<\/p>\n<p>Piezas:<\/p>\n<p>Las piezas, tama\u00f1o Staunton, 6, tienen el mismo dise\u00f1o \u201catemporal\u201d que los conjuntos que se encuentran en las tableros electr\u00f3nicos da DGT. Hecho de palisandro indio, pulido para un toque suave, ponderado para mayor estabilidad. Cada detalle agrada al jugador.<\/p>\n<p>Piezas \u2013 Altura del Rey 9,5 cm<\/p>\n<p>Incluye caja de madera para piezas.<\/p>","protected":false},"excerpt":{"rendered":"<p>Tablero de ajedrez Philos Belfast: Hermoso tablero de ajedrez en madera de arce y \u00e9bano con una veta decorativa alrededor. Cuadrados con marqueter\u00eda, acabado mate, base de goma para evitar que el tablero resbale, sin coordenadas, tama\u00f1o 500 x 500 x 13 mm, medida lado cuadrado: 50 mm. Piezas: Las piezas, tama\u00f1o Staunton, 6, tienen &hellip;<\/p>\n<p class=\"read-more\"> <a class=\"\" href=\"https:\/\/lojaxis.com\/es\/produto\/conjunto-de-madeira-gambito-do-rei\/\"> <span class=\"screen-reader-text\">Juego de Madera Gambito de Rey<\/span> Leer m\u00e1s &raquo;<\/a><\/p>\n","protected":false},"featured_media":10357,"comment_status":"open","ping_status":"closed","template":"","meta":[],"product_cat":[54,15,31],"product_tag":[],"class_list":{"0":"post-9847","1":"product","2":"type-product","3":"status-publish","4":"has-post-thumbnail","6":"product_cat-xadrez","7":"product_cat-sem-categoria","8":"product_cat-conjuntos-tabuleiros-e-pecas","9":"product_shipping_class-5kg","10":"align-left","11":"box-shadow-0","12":"box-shadow-3-hover","13":"ast-product-gallery-layout-horizontal","14":"ast-product-tabs-layout-vertical","16":"first","17":"instock","18":"taxable","19":"shipping-taxable","20":"purchasable","21":"product-type-simple"},"_links":{"self":[{"href":"https:\/\/lojaxis.com\/es\/wp-json\/wp\/v2\/product\/9847","targetHints":{"allow":["GET"]}}],"collection":[{"href":"https:\/\/lojaxis.com\/es\/wp-json\/wp\/v2\/product"}],"about":[{"href":"https:\/\/lojaxis.com\/es\/wp-json\/wp\/v2\/types\/product"}],"replies":[{"embeddable":true,"href":"https:\/\/lojaxis.com\/es\/wp-json\/wp\/v2\/comments?post=9847"}],"wp:featuredmedia":[{"embeddable":true,"href":"https:\/\/lojaxis.com\/es\/wp-json\/wp\/v2\/media\/10357"}],"wp:attachment":[{"href":"https:\/\/lojaxis.com\/es\/wp-json\/wp\/v2\/media?parent=9847"}],"wp:term":[{"taxonomy":"product_cat","embeddable":true,"href":"https:\/\/lojaxis.com\/es\/wp-json\/wp\/v2\/product_cat?post=9847"},{"taxonomy":"product_tag","embeddable":true,"href":"https:\/\/lojaxis.com\/es\/wp-json\/wp\/v2\/product_tag?post=9847"}],"curies":[{"name":"wp","href":"https:\/\/api.w.org\/{rel}","templated":true}]}}