{"id":7230,"date":"2021-12-10T13:07:17","date_gmt":"2021-12-10T13:07:17","guid":{"rendered":"http:\/\/176.223.132.137\/?post_type=product&#038;p=7230"},"modified":"2024-02-23T15:40:07","modified_gmt":"2024-02-23T15:40:07","slug":"caixa-puzzle-para-garrafa","status":"publish","type":"product","link":"https:\/\/lojaxis.com\/es\/produto\/caja-de-rompecabezas-para-botella\/","title":{"rendered":"Caja de Rompecabezas para Botella"},"content":{"rendered":"<p>\u00a1La caja de rompecabezas de madera es una oferta especial!<\/p>\n<p>\u00bfPor qu\u00e9 dar vino? Envuelve la botella en este rompecabezas fant\u00e1stico y dale juego, diversi\u00f3n y emoci\u00f3n al mismo tiempo. Porque el vino solo fluir\u00e1 cuando la botella se suelte del rompecabezas.<\/p>\n<p>Adecuado para botellas con una altura m\u00e1xima de 310 mm y un di\u00e1metro de 90 mm<\/p>\n<p>Puzzle apto para 1 persona a partir de 6 a\u00f1os, nivel de dificultad: medio<\/p>\n<p>Dimensiones: 10 x 10 x 35,5 cm;<\/p>\n<p>Peso: 400 gramos<\/p>\n<p>\u00a1Cuidado! No apto para ni\u00f1os menores de 3 a\u00f1os debido a piezas peque\u00f1as. \u00a1Peligro de asfixia!<\/p>","protected":false},"excerpt":{"rendered":"<p>\u00a1La caja de rompecabezas de madera es una oferta especial! \u00bfPor qu\u00e9 dar vino? Envuelve la botella en este rompecabezas fant\u00e1stico y dale juego, diversi\u00f3n y emoci\u00f3n al mismo tiempo. Porque el vino solo fluir\u00e1 cuando la botella se suelte del rompecabezas. Adecuado para botellas con una altura m\u00e1xima de 310 mm y un di\u00e1metro &hellip;<\/p>\n<p class=\"read-more\"> <a class=\"\" href=\"https:\/\/lojaxis.com\/es\/produto\/caja-de-rompecabezas-para-botella\/\"> <span class=\"screen-reader-text\">Caja de Rompecabezas para Botella<\/span> Leer m\u00e1s &raquo;<\/a><\/p>\n","protected":false},"featured_media":10536,"comment_status":"open","ping_status":"closed","template":"","meta":[],"product_cat":[51,50],"product_tag":[],"class_list":{"0":"post-7230","1":"product","2":"type-product","3":"status-publish","4":"has-post-thumbnail","6":"product_cat-puzzles","7":"product_cat-outros-jogos","8":"product_shipping_class-1kg","9":"align-left","10":"box-shadow-0","11":"box-shadow-3-hover","12":"ast-product-gallery-layout-horizontal","13":"ast-product-gallery-with-no-image","14":"ast-product-tabs-layout-vertical","16":"first","17":"instock","18":"taxable","19":"shipping-taxable","20":"purchasable","21":"product-type-simple"},"_links":{"self":[{"href":"https:\/\/lojaxis.com\/es\/wp-json\/wp\/v2\/product\/7230","targetHints":{"allow":["GET"]}}],"collection":[{"href":"https:\/\/lojaxis.com\/es\/wp-json\/wp\/v2\/product"}],"about":[{"href":"https:\/\/lojaxis.com\/es\/wp-json\/wp\/v2\/types\/product"}],"replies":[{"embeddable":true,"href":"https:\/\/lojaxis.com\/es\/wp-json\/wp\/v2\/comments?post=7230"}],"wp:featuredmedia":[{"embeddable":true,"href":"https:\/\/lojaxis.com\/es\/wp-json\/wp\/v2\/media\/10536"}],"wp:attachment":[{"href":"https:\/\/lojaxis.com\/es\/wp-json\/wp\/v2\/media?parent=7230"}],"wp:term":[{"taxonomy":"product_cat","embeddable":true,"href":"https:\/\/lojaxis.com\/es\/wp-json\/wp\/v2\/product_cat?post=7230"},{"taxonomy":"product_tag","embeddable":true,"href":"https:\/\/lojaxis.com\/es\/wp-json\/wp\/v2\/product_tag?post=7230"}],"curies":[{"name":"wp","href":"https:\/\/api.w.org\/{rel}","templated":true}]}}