{"id":7203,"date":"2021-12-09T14:09:43","date_gmt":"2021-12-09T14:09:43","guid":{"rendered":"http:\/\/176.223.132.137\/?post_type=product&#038;p=7203"},"modified":"2025-12-18T19:58:51","modified_gmt":"2025-12-18T19:58:51","slug":"dgt-smart-board","status":"publish","type":"product","link":"https:\/\/lojaxis.com\/es\/produto\/dgt-smart-board\/","title":{"rendered":"DGT Smart Board"},"content":{"rendered":"<p>El DGT Smart Board es un tablero de ajedrez electr\u00f3nico con muchos usos diferentes. Desarrollado como una alternativa m\u00e1s accesible a los tableros de madera de DGT y para hacer que la transmisi\u00f3n de ajedrez en vivo sea m\u00e1s accesible.<\/p>\n<p>Al jugar al ajedrez en un Smart Board, registra las partidas, (logra registrar alrededor de 500 movimientos) que se pueden recuperar del tablero en formato PGN y utilizar en otros dispositivos como una PC, tableta o tel\u00e9fono m\u00f3vil. Utilice un programa de ajedrez para analizar el juego o publicarlo.<\/p>\n<p>Cuando usa un DGT Smart Board para jugar al ajedrez, puede mostrar el juego localmente en pantallas o televisores o transmitir el juego en vivo a trav\u00e9s de Internet en su sitio web usando DGT Live Chess.<\/p>\n<p>Tama\u00f1o \/ grosor de la placa: 520 x 520 mm (20,5 x 20,8 pulgadas)<br \/>\nTama\u00f1o cuadrado: 55 x 55 mm (2,2 x 2,2 pulgadas)<br \/>\nPeso neto: 2,0 kg (70,55 oz) solo Smart Board<br \/>\nPeso bruto: 4 kg &#8211; Smart Board, documentaci\u00f3n y embalaje<\/p>\n<div>Manual e mais informa\u00e7\u00e3o:<\/div>\n<div><a href=\"https:\/\/digitalgametechnology.com\/products\/home-use-e-boards\/smart-board-with-indices\">https:\/\/digitalgametechnology.com\/products\/home-use-e-boards\/smart-board-with-indices<\/a><\/div>\n<div><\/div>\n<div>\n<div class=\"ast-oembed-container\"><iframe loading=\"lazy\" title=\"What is a DGT Chess Smartboard - expanding your chess game possibilities\" width=\"500\" height=\"281\" src=\"https:\/\/www.youtube.com\/embed\/2a_FdfbiK0k?feature=oembed\" frameborder=\"0\" allow=\"accelerometer; autoplay; clipboard-write; encrypted-media; gyroscope; picture-in-picture; web-share\" referrerpolicy=\"strict-origin-when-cross-origin\" allowfullscreen><\/iframe><\/div>\n<\/div>\n<p><\/p>","protected":false},"excerpt":{"rendered":"<p>El DGT Smart Board es un tablero de ajedrez electr\u00f3nico con muchos usos diferentes. Desarrollado como una alternativa m\u00e1s accesible a los tableros de madera de DGT y para hacer que la transmisi\u00f3n de ajedrez en vivo sea m\u00e1s accesible. Al jugar al ajedrez en un Smart Board, registra las partidas, (logra registrar alrededor de &hellip;<\/p>\n<p class=\"read-more\"> <a class=\"\" href=\"https:\/\/lojaxis.com\/es\/produto\/dgt-smart-board\/\"> <span class=\"screen-reader-text\">DGT Smart Board<\/span> Leer m\u00e1s &raquo;<\/a><\/p>\n","protected":false},"featured_media":7204,"comment_status":"open","ping_status":"closed","template":"","meta":[],"product_cat":[31],"product_tag":[],"class_list":{"0":"post-7203","1":"product","2":"type-product","3":"status-publish","4":"has-post-thumbnail","6":"product_cat-conjuntos-tabuleiros-e-pecas","7":"product_shipping_class-4kg","8":"align-left","9":"box-shadow-0","10":"box-shadow-3-hover","11":"ast-product-gallery-layout-horizontal","12":"ast-product-tabs-layout-vertical","14":"first","15":"instock","16":"taxable","17":"shipping-taxable","18":"purchasable","19":"product-type-simple"},"_links":{"self":[{"href":"https:\/\/lojaxis.com\/es\/wp-json\/wp\/v2\/product\/7203","targetHints":{"allow":["GET"]}}],"collection":[{"href":"https:\/\/lojaxis.com\/es\/wp-json\/wp\/v2\/product"}],"about":[{"href":"https:\/\/lojaxis.com\/es\/wp-json\/wp\/v2\/types\/product"}],"replies":[{"embeddable":true,"href":"https:\/\/lojaxis.com\/es\/wp-json\/wp\/v2\/comments?post=7203"}],"wp:featuredmedia":[{"embeddable":true,"href":"https:\/\/lojaxis.com\/es\/wp-json\/wp\/v2\/media\/7204"}],"wp:attachment":[{"href":"https:\/\/lojaxis.com\/es\/wp-json\/wp\/v2\/media?parent=7203"}],"wp:term":[{"taxonomy":"product_cat","embeddable":true,"href":"https:\/\/lojaxis.com\/es\/wp-json\/wp\/v2\/product_cat?post=7203"},{"taxonomy":"product_tag","embeddable":true,"href":"https:\/\/lojaxis.com\/es\/wp-json\/wp\/v2\/product_tag?post=7203"}],"curies":[{"name":"wp","href":"https:\/\/api.w.org\/{rel}","templated":true}]}}