{"id":6408,"date":"2021-05-04T09:53:18","date_gmt":"2021-05-04T09:53:18","guid":{"rendered":"http:\/\/176.223.132.137\/?post_type=product&#038;p=6408"},"modified":"2026-02-14T15:11:42","modified_gmt":"2026-02-14T15:11:42","slug":"conjunto-de-xadrez-de-madeira-teutonic","status":"publish","type":"product","link":"https:\/\/lojaxis.com\/es\/produto\/ajedrez-de-madera-teutonic\/","title":{"rendered":"Conjunto de Piezas y Tablero de Ajedrez de Madera Teutonic"},"content":{"rendered":"<p>Juego de ajedrez de madera simple y de calidad producido \u00edntegramente en Alemania basado en el modelo Staunton 5.<\/p>\n<p><strong>Tablero<\/strong>:<\/p>\n<p>Tablero de ajedrez en arce y nogal. Sin coordenadas, tambi\u00e9n se puede usar f\u00e1cilmente para damas. Con el borde corto se vuelve m\u00e1s pr\u00e1ctico, ocupando menos espacio en la mesa pero manteniendo un excelente espacio de juego con cuadrados de 50 mm en los laterales.<\/p>\n<p>Cuadrados con incrustaciones, acabado mate, base de goma para evitar el deslizamiento del tablero, sin coordenadas, tama\u00f1o 450 x 450 x 13 mm, tama\u00f1o del lado de las casas: 50 mm.<\/p>\n<p><strong>Piezas<\/strong>:<\/p>\n<p>Las piezas &#8220;German Classics&#8221; producidas por Eurochess, fabricadas en Alemania en madera de haya, simplemente pesadas para su estabilidad (700g).<\/p>\n<p>Altura del rey 9,5 cm; Base del rey: 3,5 cm de di\u00e1metro<\/p>\n<p>Las piezas se guardan en una bolsa de tela.<\/p>\n<p>&nbsp;<\/p>\n<p>Peso total: 5 kg<\/p>","protected":false},"excerpt":{"rendered":"<p>Juego de ajedrez de madera simple y de calidad producido \u00edntegramente en Alemania basado en el modelo Staunton 5. Tablero: Tablero de ajedrez en arce y nogal. Sin coordenadas, tambi\u00e9n se puede usar f\u00e1cilmente para damas. Con el borde corto se vuelve m\u00e1s pr\u00e1ctico, ocupando menos espacio en la mesa pero manteniendo un excelente espacio &hellip;<\/p>\n<p class=\"read-more\"> <a class=\"\" href=\"https:\/\/lojaxis.com\/es\/produto\/ajedrez-de-madera-teutonic\/\"> <span class=\"screen-reader-text\">Conjunto de Piezas y Tablero de Ajedrez de Madera Teutonic<\/span> Leer m\u00e1s &raquo;<\/a><\/p>\n","protected":false},"featured_media":6413,"comment_status":"open","ping_status":"closed","template":"","meta":[],"product_cat":[54,31],"product_tag":[],"class_list":{"0":"post-6408","1":"product","2":"type-product","3":"status-publish","4":"has-post-thumbnail","6":"product_cat-xadrez","7":"product_cat-conjuntos-tabuleiros-e-pecas","8":"product_shipping_class-5kg","9":"align-left","10":"box-shadow-0","11":"box-shadow-3-hover","12":"ast-product-gallery-layout-horizontal","13":"ast-product-tabs-layout-vertical","15":"first","16":"instock","17":"taxable","18":"shipping-taxable","19":"purchasable","20":"product-type-simple"},"_links":{"self":[{"href":"https:\/\/lojaxis.com\/es\/wp-json\/wp\/v2\/product\/6408","targetHints":{"allow":["GET"]}}],"collection":[{"href":"https:\/\/lojaxis.com\/es\/wp-json\/wp\/v2\/product"}],"about":[{"href":"https:\/\/lojaxis.com\/es\/wp-json\/wp\/v2\/types\/product"}],"replies":[{"embeddable":true,"href":"https:\/\/lojaxis.com\/es\/wp-json\/wp\/v2\/comments?post=6408"}],"wp:featuredmedia":[{"embeddable":true,"href":"https:\/\/lojaxis.com\/es\/wp-json\/wp\/v2\/media\/6413"}],"wp:attachment":[{"href":"https:\/\/lojaxis.com\/es\/wp-json\/wp\/v2\/media?parent=6408"}],"wp:term":[{"taxonomy":"product_cat","embeddable":true,"href":"https:\/\/lojaxis.com\/es\/wp-json\/wp\/v2\/product_cat?post=6408"},{"taxonomy":"product_tag","embeddable":true,"href":"https:\/\/lojaxis.com\/es\/wp-json\/wp\/v2\/product_tag?post=6408"}],"curies":[{"name":"wp","href":"https:\/\/api.w.org\/{rel}","templated":true}]}}