{"id":6392,"date":"2021-05-03T09:23:05","date_gmt":"2021-05-03T09:23:05","guid":{"rendered":"http:\/\/176.223.132.137\/?post_type=product&#038;p=6392"},"modified":"2025-08-04T14:17:23","modified_gmt":"2025-08-04T14:17:23","slug":"tabuleiro-de-xadrez-de-madeira-philos-belfast","status":"publish","type":"product","link":"https:\/\/lojaxis.com\/es\/produto\/tablero-de-ajedrez-de-madera-philos-belfast\/","title":{"rendered":"Tablero de Ajedrez de Madera Philos Belfast"},"content":{"rendered":"<p>Elegante tablero de ajedrez en madera de arce y \u00e9bano, l\u00ednea ornamental, incrustaciones, acabado mate, base de goma para fijar el tablero, sin n\u00fameros ni letras, tama\u00f1o 500 x 500 x 13 mm, tama\u00f1o de campo 50 mm.<\/p>\n<p>Peso: 2,9 Kg<\/p>","protected":false},"excerpt":{"rendered":"<p>Elegante tablero de ajedrez en madera de arce y \u00e9bano, l\u00ednea ornamental, incrustaciones, acabado mate, base de goma para fijar el tablero, sin n\u00fameros ni letras, tama\u00f1o 500 x 500 x 13 mm, tama\u00f1o de campo 50 mm. Peso: 2,9 Kg<\/p>\n","protected":false},"featured_media":10512,"comment_status":"open","ping_status":"closed","template":"","meta":[],"product_cat":[53,54],"product_tag":[17],"class_list":{"0":"post-6392","1":"product","2":"type-product","3":"status-publish","4":"has-post-thumbnail","6":"product_cat-tabuleiros","7":"product_cat-xadrez","8":"product_tag-standard","9":"product_shipping_class-3kg","10":"align-left","11":"box-shadow-0","12":"box-shadow-3-hover","13":"ast-product-gallery-layout-horizontal","14":"ast-product-tabs-layout-vertical","16":"first","17":"onbackorder","18":"taxable","19":"shipping-taxable","20":"purchasable","21":"product-type-simple"},"_links":{"self":[{"href":"https:\/\/lojaxis.com\/es\/wp-json\/wp\/v2\/product\/6392","targetHints":{"allow":["GET"]}}],"collection":[{"href":"https:\/\/lojaxis.com\/es\/wp-json\/wp\/v2\/product"}],"about":[{"href":"https:\/\/lojaxis.com\/es\/wp-json\/wp\/v2\/types\/product"}],"replies":[{"embeddable":true,"href":"https:\/\/lojaxis.com\/es\/wp-json\/wp\/v2\/comments?post=6392"}],"wp:featuredmedia":[{"embeddable":true,"href":"https:\/\/lojaxis.com\/es\/wp-json\/wp\/v2\/media\/10512"}],"wp:attachment":[{"href":"https:\/\/lojaxis.com\/es\/wp-json\/wp\/v2\/media?parent=6392"}],"wp:term":[{"taxonomy":"product_cat","embeddable":true,"href":"https:\/\/lojaxis.com\/es\/wp-json\/wp\/v2\/product_cat?post=6392"},{"taxonomy":"product_tag","embeddable":true,"href":"https:\/\/lojaxis.com\/es\/wp-json\/wp\/v2\/product_tag?post=6392"}],"curies":[{"name":"wp","href":"https:\/\/api.w.org\/{rel}","templated":true}]}}