{"id":6348,"date":"2021-04-11T00:42:47","date_gmt":"2021-04-11T00:42:47","guid":{"rendered":"http:\/\/176.223.132.137\/?post_type=product&#038;p=6348"},"modified":"2026-04-13T23:40:40","modified_gmt":"2026-04-13T23:40:40","slug":"tabuleiro-de-xadrez-de-madeira-philos-rom","status":"publish","type":"product","link":"https:\/\/lojaxis.com\/es\/produto\/tablero-de-ajedrez-philos-rome\/","title":{"rendered":"Tablero de Ajedrez Philos Rome"},"content":{"rendered":"<p>Tablero de ajedrez en madera de arce con un dise\u00f1o sofisticado. Aunque los cuadrados tienen 55 mm de ancho (el tama\u00f1o oficial del ajedrez de competici\u00f3n), el tablero tiene solo 450 mm de ancho.<\/p>\n<p>Es ideal para quienes quieren utilizar piezas de tama\u00f1o oficial y no quieren ocupar mucho espacio en la mesa.<\/p>\n<p>Dimensiones: 450 x 450 x 13 mm; Casas con laterales de 55 mm<\/p>\n<p>Peso: 2,4 kg<\/p>","protected":false},"excerpt":{"rendered":"<p>Tablero de ajedrez en madera de arce con un dise\u00f1o sofisticado. Aunque los cuadrados tienen 55 mm de ancho (el tama\u00f1o oficial del ajedrez de competici\u00f3n), el tablero tiene solo 450 mm de ancho. Es ideal para quienes quieren utilizar piezas de tama\u00f1o oficial y no quieren ocupar mucho espacio en la mesa. Dimensiones: 450 &hellip;<\/p>\n<p class=\"read-more\"> <a class=\"\" href=\"https:\/\/lojaxis.com\/es\/produto\/tablero-de-ajedrez-philos-rome\/\"> <span class=\"screen-reader-text\">Tablero de Ajedrez Philos Rome<\/span> Leer m\u00e1s &raquo;<\/a><\/p>\n","protected":false},"featured_media":10517,"comment_status":"open","ping_status":"closed","template":"","meta":[],"product_cat":[53,54],"product_tag":[17],"class_list":{"0":"post-6348","1":"product","2":"type-product","3":"status-publish","4":"has-post-thumbnail","6":"product_cat-tabuleiros","7":"product_cat-xadrez","8":"product_tag-standard","9":"product_shipping_class-3kg","10":"align-left","11":"box-shadow-0","12":"box-shadow-3-hover","13":"ast-product-gallery-layout-horizontal","14":"ast-product-tabs-layout-vertical","16":"first","17":"instock","18":"taxable","19":"shipping-taxable","20":"purchasable","21":"product-type-simple"},"_links":{"self":[{"href":"https:\/\/lojaxis.com\/es\/wp-json\/wp\/v2\/product\/6348","targetHints":{"allow":["GET"]}}],"collection":[{"href":"https:\/\/lojaxis.com\/es\/wp-json\/wp\/v2\/product"}],"about":[{"href":"https:\/\/lojaxis.com\/es\/wp-json\/wp\/v2\/types\/product"}],"replies":[{"embeddable":true,"href":"https:\/\/lojaxis.com\/es\/wp-json\/wp\/v2\/comments?post=6348"}],"wp:featuredmedia":[{"embeddable":true,"href":"https:\/\/lojaxis.com\/es\/wp-json\/wp\/v2\/media\/10517"}],"wp:attachment":[{"href":"https:\/\/lojaxis.com\/es\/wp-json\/wp\/v2\/media?parent=6348"}],"wp:term":[{"taxonomy":"product_cat","embeddable":true,"href":"https:\/\/lojaxis.com\/es\/wp-json\/wp\/v2\/product_cat?post=6348"},{"taxonomy":"product_tag","embeddable":true,"href":"https:\/\/lojaxis.com\/es\/wp-json\/wp\/v2\/product_tag?post=6348"}],"curies":[{"name":"wp","href":"https:\/\/api.w.org\/{rel}","templated":true}]}}