{"id":6052,"date":"2021-02-22T12:33:29","date_gmt":"2021-02-22T12:33:29","guid":{"rendered":"http:\/\/176.223.132.137\/?post_type=product&#038;p=6052"},"modified":"2024-12-03T15:42:58","modified_gmt":"2024-12-03T15:42:58","slug":"quadro-xadrez-e-damas-4-jogadores","status":"publish","type":"product","link":"https:\/\/lojaxis.com\/es\/produto\/tablero-de-ajedrez-y-damas-para-4-jugadores\/","title":{"rendered":"Quadro Ajedrez y Damas &#8211; Para 4 Jugadores"},"content":{"rendered":"<p>\u00a1La experiencia de un juego especial! Con las conocidas reglas est\u00e1ndar para 2, 3 o 4. Ambos juegos son especialmente adecuados para familias y principiantes de ajedrez o damas. Por ejemplo, los principiantes pueden aprender de jugadores experimentados en dobles: \u00a1dos contra dos! Se incluyen instrucciones en alem\u00e1n y las versiones en ingl\u00e9s, espa\u00f1ol y franc\u00e9s se pueden descargar desde la p\u00e1gina oficial. Quadro Ajedrez y Damas es un juego de sal\u00f3n y entretenimiento estrat\u00e9gico para 2 a 4 personas. La base de este juego es el juego convencional de 2. Las 64 casillas os anteriores aumentan a 128 casillas. Se agregaron 2 x 8 casillas a cada lado del tablero. Estos se utilizan para configurar las figuras y tambi\u00e9n como un \u00e1rea de juego durante el juego. El n\u00famero de piezas por jugador permanece, como en el ajedrez tradicional, igual, con las damas las piezas se reducen a 8.<\/p>\n<p>P\u00e1gina oficial:<br \/>\n<a href=\"https:\/\/www.eurochessinternational.com\/products16.html\" target=\"_blank\" rel=\"noopener\">https:\/\/www.eurochessinternational.com\/products16.html<\/a><\/p>\n<p>&#8211; 4 juegos de figuras: 16 en negro, blanco, amarillo y azul de pl\u00e1stico<br \/>\n&#8211; Altura del rey: 77 mm, tama\u00f1o de la zona de juego = 50 cm<br \/>\n&#8211; Dimensiones de las casillas: 35 mm<br \/>\n&#8211; 4 x 8 Damas en pl\u00e1stico negro, blanco, amarillo y azul, Di\u00e1metro = 28 mm<\/p>","protected":false},"excerpt":{"rendered":"<p class=\"qtranxs-available-languages-message qtranxs-available-languages-message-es\">Disculpa, pero esta entrada est\u00e1 disponible s\u00f3lo en <a href=\"https:\/\/lojaxis.com\/pt\/wp-json\/wp\/v2\/product\/6052\" class=\"qtranxs-available-language-link qtranxs-available-language-link-pt\" title=\"Portugu\u00eas\">Portugu\u00eas<\/a>.<\/p>\n","protected":false},"featured_media":6524,"comment_status":"open","ping_status":"closed","template":"","meta":[],"product_cat":[31,50],"product_tag":[],"class_list":{"0":"post-6052","1":"product","2":"type-product","3":"status-publish","4":"has-post-thumbnail","6":"product_cat-conjuntos-tabuleiros-e-pecas","7":"product_cat-outros-jogos","8":"product_shipping_class-2kg","9":"align-left","10":"box-shadow-0","11":"box-shadow-3-hover","12":"ast-product-gallery-layout-horizontal","13":"ast-product-tabs-layout-vertical","15":"first","16":"instock","17":"taxable","18":"shipping-taxable","19":"purchasable","20":"product-type-simple"},"_links":{"self":[{"href":"https:\/\/lojaxis.com\/es\/wp-json\/wp\/v2\/product\/6052","targetHints":{"allow":["GET"]}}],"collection":[{"href":"https:\/\/lojaxis.com\/es\/wp-json\/wp\/v2\/product"}],"about":[{"href":"https:\/\/lojaxis.com\/es\/wp-json\/wp\/v2\/types\/product"}],"replies":[{"embeddable":true,"href":"https:\/\/lojaxis.com\/es\/wp-json\/wp\/v2\/comments?post=6052"}],"wp:featuredmedia":[{"embeddable":true,"href":"https:\/\/lojaxis.com\/es\/wp-json\/wp\/v2\/media\/6524"}],"wp:attachment":[{"href":"https:\/\/lojaxis.com\/es\/wp-json\/wp\/v2\/media?parent=6052"}],"wp:term":[{"taxonomy":"product_cat","embeddable":true,"href":"https:\/\/lojaxis.com\/es\/wp-json\/wp\/v2\/product_cat?post=6052"},{"taxonomy":"product_tag","embeddable":true,"href":"https:\/\/lojaxis.com\/es\/wp-json\/wp\/v2\/product_tag?post=6052"}],"curies":[{"name":"wp","href":"https:\/\/api.w.org\/{rel}","templated":true}]}}