{"id":5969,"date":"2021-02-14T23:31:18","date_gmt":"2021-02-14T23:31:18","guid":{"rendered":"http:\/\/176.223.132.137\/?post_type=product&#038;p=5969"},"modified":"2025-01-24T02:27:41","modified_gmt":"2025-01-24T02:27:41","slug":"conjunto-de-go-philos","status":"publish","type":"product","link":"https:\/\/lojaxis.com\/es\/produto\/conjunto-de-go-philos\/","title":{"rendered":"Set de Go Philos"},"content":{"rendered":"<p>Go es un fascinante juego de estrategia para dos jugadores.<br \/>\nEl objetivo del juego es conquistar el \u00e1rea m\u00e1s grande posible en el tablero y arreglar las piezas del oponente.<br \/>\nGracias a las pocas reglas, Go es muy f\u00e1cil de entender, pero tiene un n\u00famero infinito de variaciones en el juego.<br \/>\nEl juego incluye un tablero de juego y piezas de juego blancas y negras.<br \/>\nCada jugador recibe piezas de un color y debe colocarlas en la intersecci\u00f3n del tablero de juego durante el juego.<br \/>\nEl ganador es el que haya conquistado m\u00e1s \u00e1reas y piezas de juego opuestas.<br \/>\nMaterial: MDF y vidrio<\/p>\n<p>Tama\u00f1o del juego: 455 x 212 x 20 mm<br \/>\nTama\u00f1o del juego abierto: 455 x 424 x 10 mm<br \/>\nEmbalaje del juego: 460 x 225 x 100 mm<\/p>\n<p>Descargar instrucciones<br \/>\n<a href=\"https:\/\/www.philosshop.de\/media\/spielanleitungen\/3210.pdf\" target=\"_blank\" rel=\"noopener\">https:\/\/www.philosshop.de\/media\/spielanleitungen\/3210.pdf<\/a><br \/>\nhttps:\/\/www.youtube.com\/watch?v=gECcsSeRcNo&amp;feature=emb_logo","protected":false},"excerpt":{"rendered":"<p>Go es un fascinante juego de estrategia para dos jugadores. El objetivo del juego es conquistar el \u00e1rea m\u00e1s grande posible en el tablero y arreglar las piezas del oponente. Gracias a las pocas reglas, Go es muy f\u00e1cil de entender, pero tiene un n\u00famero infinito de variaciones en el juego. El juego incluye un &hellip;<\/p>\n<p class=\"read-more\"> <a class=\"\" href=\"https:\/\/lojaxis.com\/es\/produto\/conjunto-de-go-philos\/\"> <span class=\"screen-reader-text\">Set de Go Philos<\/span> Leer m\u00e1s &raquo;<\/a><\/p>\n","protected":false},"featured_media":6528,"comment_status":"open","ping_status":"closed","template":"","meta":[],"product_cat":[50],"product_tag":[],"class_list":{"0":"post-5969","1":"product","2":"type-product","3":"status-publish","4":"has-post-thumbnail","6":"product_cat-outros-jogos","7":"product_shipping_class-4kg","8":"align-left","9":"box-shadow-0","10":"box-shadow-3-hover","11":"ast-product-gallery-layout-horizontal","12":"ast-product-tabs-layout-vertical","14":"first","15":"instock","16":"taxable","17":"shipping-taxable","18":"purchasable","19":"product-type-simple"},"_links":{"self":[{"href":"https:\/\/lojaxis.com\/es\/wp-json\/wp\/v2\/product\/5969","targetHints":{"allow":["GET"]}}],"collection":[{"href":"https:\/\/lojaxis.com\/es\/wp-json\/wp\/v2\/product"}],"about":[{"href":"https:\/\/lojaxis.com\/es\/wp-json\/wp\/v2\/types\/product"}],"replies":[{"embeddable":true,"href":"https:\/\/lojaxis.com\/es\/wp-json\/wp\/v2\/comments?post=5969"}],"wp:featuredmedia":[{"embeddable":true,"href":"https:\/\/lojaxis.com\/es\/wp-json\/wp\/v2\/media\/6528"}],"wp:attachment":[{"href":"https:\/\/lojaxis.com\/es\/wp-json\/wp\/v2\/media?parent=5969"}],"wp:term":[{"taxonomy":"product_cat","embeddable":true,"href":"https:\/\/lojaxis.com\/es\/wp-json\/wp\/v2\/product_cat?post=5969"},{"taxonomy":"product_tag","embeddable":true,"href":"https:\/\/lojaxis.com\/es\/wp-json\/wp\/v2\/product_tag?post=5969"}],"curies":[{"name":"wp","href":"https:\/\/api.w.org\/{rel}","templated":true}]}}