{"id":5934,"date":"2021-02-14T21:47:12","date_gmt":"2021-02-14T21:47:12","guid":{"rendered":"http:\/\/176.223.132.137\/?post_type=product&#038;p=5934"},"modified":"2025-11-20T10:05:42","modified_gmt":"2025-11-20T10:05:42","slug":"osmo-coding-family","status":"publish","type":"product","link":"https:\/\/lojaxis.com\/es\/produto\/osmo-coding-family\/","title":{"rendered":"Osmo Coding Family &#8211; 3 juegos educativos para Ipad"},"content":{"rendered":"<p>Influenciados por m\u00e1s de 50 a\u00f1os de investigaci\u00f3n universitaria en la educaci\u00f3n en codificaci\u00f3n, estos<br \/>\nbloques de codificaci\u00f3n modulares y duraderos est\u00e1n dise\u00f1ados para brindarle a su hijo la mejor<br \/>\nintroducci\u00f3n posible al mundo de la codificaci\u00f3n.<\/p>\n<p>3 juegos de codificaci\u00f3n pr\u00e1cticos: Coding Awbie, Conding Jam, Coding Duo<br \/>\nCoding Awbie: controlas a Awbie, un personaje juguet\u00f3n al que le encantan las deliciosas fresas. \u00a1Con<br \/>\ncada comando de codificaci\u00f3n, guias a Awbie en una maravillosa aventura que hace temblar \u00e1rboles y<br \/>\ncomer fresas!<\/p>\n<p>Conding Jam: crea m\u00fasica y comp\u00e1rtela con el mundo. Con una comunidad segura en la aplicaci\u00f3n, su<br \/>\nhijo puede crear jams y compartirlos en Jam TV. Coding Jam tiene 24 m\u00fasicos y m\u00e1s de 2000 sonidos<br \/>\nmusicales para crear tu obra maestra. \u00a1Convi\u00e9rtete en una superestrella de la codificaci\u00f3n!<\/p>\n<p>Coding Duo: Awbie y Mo se unen para ayudar a un cient\u00edfico a encontrar a sus mascotas perdidas. Sus<br \/>\naventuras los llevam a trav\u00e9s de un mundo expansivo, lleno de objetos y desaf\u00edos extraordinarios.<\/p>\n<p>Edad recomendada: 5-10 +<br \/>\nUna vez iniciado el juego, un ni\u00f1o podr\u00e1 jugar con poca o ninguna ayuda porque las explicaciones del juego se realizan mediante animaciones y no es necesario leer.<\/p>\n<p>La caja contiene:<br \/>\n31 bloques tangibles: caminar, saltar, atrapar, magia, descansar, cuantificadores (n\u00fameros), repetir, subrutinas.<br \/>\nBase y reflector para Ipad.<\/p>\n<p>Peligro de asfixia. Peque\u00f1as partes. No apto para ni\u00f1os menores de 3 a\u00f1os. Contiene imanes. Los imanes pueden causar lesiones graves o la muerte si se ingieren. Busque atenci\u00f3n m\u00e9dica inmediata en caso de ingesti\u00f3n o inhalaci\u00f3n de imanes.<\/p>\n<p>https:\/\/www.youtube.com\/watch?v=albgYhYepLQ<\/p>","protected":false},"excerpt":{"rendered":"<p>Influenciados por m\u00e1s de 50 a\u00f1os de investigaci\u00f3n universitaria en la educaci\u00f3n en codificaci\u00f3n, estos bloques de codificaci\u00f3n modulares y duraderos est\u00e1n dise\u00f1ados para brindarle a su hijo la mejor introducci\u00f3n posible al mundo de la codificaci\u00f3n. 3 juegos de codificaci\u00f3n pr\u00e1cticos: Coding Awbie, Conding Jam, Coding Duo Coding Awbie: controlas a Awbie, un personaje &hellip;<\/p>\n<p class=\"read-more\"> <a class=\"\" href=\"https:\/\/lojaxis.com\/es\/produto\/osmo-coding-family\/\"> <span class=\"screen-reader-text\">Osmo Coding Family &#8211; 3 juegos educativos para Ipad<\/span> Leer m\u00e1s &raquo;<\/a><\/p>\n","protected":false},"featured_media":6537,"comment_status":"open","ping_status":"closed","template":"","meta":[],"product_cat":[51,52],"product_tag":[],"class_list":{"0":"post-5934","1":"product","2":"type-product","3":"status-publish","4":"has-post-thumbnail","6":"product_cat-puzzles","7":"product_cat-robotica","8":"product_shipping_class-1kg","9":"align-left","10":"box-shadow-0","11":"box-shadow-3-hover","12":"ast-product-gallery-layout-horizontal","13":"ast-product-tabs-layout-vertical","15":"first","16":"instock","17":"taxable","18":"shipping-taxable","19":"purchasable","20":"product-type-simple"},"_links":{"self":[{"href":"https:\/\/lojaxis.com\/es\/wp-json\/wp\/v2\/product\/5934","targetHints":{"allow":["GET"]}}],"collection":[{"href":"https:\/\/lojaxis.com\/es\/wp-json\/wp\/v2\/product"}],"about":[{"href":"https:\/\/lojaxis.com\/es\/wp-json\/wp\/v2\/types\/product"}],"replies":[{"embeddable":true,"href":"https:\/\/lojaxis.com\/es\/wp-json\/wp\/v2\/comments?post=5934"}],"wp:featuredmedia":[{"embeddable":true,"href":"https:\/\/lojaxis.com\/es\/wp-json\/wp\/v2\/media\/6537"}],"wp:attachment":[{"href":"https:\/\/lojaxis.com\/es\/wp-json\/wp\/v2\/media?parent=5934"}],"wp:term":[{"taxonomy":"product_cat","embeddable":true,"href":"https:\/\/lojaxis.com\/es\/wp-json\/wp\/v2\/product_cat?post=5934"},{"taxonomy":"product_tag","embeddable":true,"href":"https:\/\/lojaxis.com\/es\/wp-json\/wp\/v2\/product_tag?post=5934"}],"curies":[{"name":"wp","href":"https:\/\/api.w.org\/{rel}","templated":true}]}}