{"id":5922,"date":"2021-02-14T18:46:27","date_gmt":"2021-02-14T18:46:27","guid":{"rendered":"http:\/\/176.223.132.137\/?post_type=product&#038;p=5922"},"modified":"2025-06-11T13:52:50","modified_gmt":"2025-06-11T13:52:50","slug":"tangram","status":"publish","type":"product","link":"https:\/\/lojaxis.com\/es\/produto\/tangram\/","title":{"rendered":"Tangram"},"content":{"rendered":"<p>Tangram es un divertido rompecabezas geom\u00e9trico chino formado por 7 piezas, llamadas tans: hay 2 tri\u00e1ngulos grandes, 2 peque\u00f1os, 1 mediano, 1 cuadrado y 1 paralelogramo. Usando todas estas piezas sin superponerlas, podemos formar varias figuras. Seg\u00fan la Enciclopedia Tangram, es posible ensamblar m\u00e1s de 5000 figuras.<\/p>\n<p>Material: madera de Hevea<br \/>\nDimensiones: 15 cm X 15 cm X 2 cm<br \/>\nNo apto para ni\u00f1os menores de 4 a\u00f1os.<\/p>","protected":false},"excerpt":{"rendered":"<p>Tangram es un divertido rompecabezas geom\u00e9trico chino formado por 7 piezas, llamadas tans: hay 2 tri\u00e1ngulos grandes, 2 peque\u00f1os, 1 mediano, 1 cuadrado y 1 paralelogramo. Usando todas estas piezas sin superponerlas, podemos formar varias figuras. Seg\u00fan la Enciclopedia Tangram, es posible ensamblar m\u00e1s de 5000 figuras. Material: madera de Hevea Dimensiones: 15 cm X &hellip;<\/p>\n<p class=\"read-more\"> <a class=\"\" href=\"https:\/\/lojaxis.com\/es\/produto\/tangram\/\"> <span class=\"screen-reader-text\">Tangram<\/span> Leer m\u00e1s &raquo;<\/a><\/p>\n","protected":false},"featured_media":10552,"comment_status":"open","ping_status":"closed","template":"","meta":[],"product_cat":[51],"product_tag":[],"class_list":{"0":"post-5922","1":"product","2":"type-product","3":"status-publish","4":"has-post-thumbnail","6":"product_cat-puzzles","7":"product_shipping_class-1kg","8":"align-left","9":"box-shadow-0","10":"box-shadow-3-hover","11":"ast-product-gallery-layout-horizontal","12":"ast-product-tabs-layout-vertical","14":"first","15":"instock","16":"taxable","17":"shipping-taxable","18":"purchasable","19":"product-type-simple"},"_links":{"self":[{"href":"https:\/\/lojaxis.com\/es\/wp-json\/wp\/v2\/product\/5922","targetHints":{"allow":["GET"]}}],"collection":[{"href":"https:\/\/lojaxis.com\/es\/wp-json\/wp\/v2\/product"}],"about":[{"href":"https:\/\/lojaxis.com\/es\/wp-json\/wp\/v2\/types\/product"}],"replies":[{"embeddable":true,"href":"https:\/\/lojaxis.com\/es\/wp-json\/wp\/v2\/comments?post=5922"}],"wp:featuredmedia":[{"embeddable":true,"href":"https:\/\/lojaxis.com\/es\/wp-json\/wp\/v2\/media\/10552"}],"wp:attachment":[{"href":"https:\/\/lojaxis.com\/es\/wp-json\/wp\/v2\/media?parent=5922"}],"wp:term":[{"taxonomy":"product_cat","embeddable":true,"href":"https:\/\/lojaxis.com\/es\/wp-json\/wp\/v2\/product_cat?post=5922"},{"taxonomy":"product_tag","embeddable":true,"href":"https:\/\/lojaxis.com\/es\/wp-json\/wp\/v2\/product_tag?post=5922"}],"curies":[{"name":"wp","href":"https:\/\/api.w.org\/{rel}","templated":true}]}}