{"id":5915,"date":"2021-02-14T18:12:25","date_gmt":"2021-02-14T18:12:25","guid":{"rendered":"http:\/\/176.223.132.137\/?post_type=product&#038;p=5915"},"modified":"2024-12-03T17:31:45","modified_gmt":"2024-12-03T17:31:45","slug":"superdoc","status":"publish","type":"product","link":"https:\/\/lojaxis.com\/es\/produto\/superdoc\/","title":{"rendered":"Superdoc (Habla en portugu\u00e9s)"},"content":{"rendered":"<p>El nuevo Super DOC con sus grandes y brillantes ojos, introduce a los ni\u00f1os en los conceptos b\u00e1sicos<br \/>\nde la codificaci\u00f3n de una manera creativa, gradual y divertida.<br \/>\nEn el primer modo, el robot puede programarse libremente o utilizando las cartas de juego, que sugieren<br \/>\nasociaciones l\u00f3gicas simples, para divertidos desaf\u00edos de dos jugadores.<br \/>\nSuper DOC puede representar cuatro personajes diferentes. Al ponerle las ropas de cart\u00f3n, el robot se<br \/>\nconvierte en un drag\u00f3n, mago, hada y caballero, cada uno con su propia personalidad y misi\u00f3n que<br \/>\ncumplir.<br \/>\nEl nuevo robot ayuda a desarrollar las habilidades de l\u00f3gica y de resoluci\u00f3n de problemas, estimulando<br \/>\nla imaginaci\u00f3n y la creatividad.<\/p>\n<p>La caja contiene:<br \/>\n1 Super DOC (dimensiones 9,5 x 8,5 x 13 cm)<br \/>\n1 bandeja de doble cara<br \/>\n33 cartas de misi\u00f3n para divertidos desaf\u00edos para dos<br \/>\n15 tarjetas direccionales para una f\u00e1cil programaci\u00f3n<br \/>\n4 disfraces de personajes de cart\u00f3n<\/p>\n<p>Dimensiones de la caja: 9,30 x 41,80 x 27,80 cm<\/p>\n<p>Funciona con 3 pilas AA. Bater\u00edas no incluidas.<\/p>\n<p>Edad recomendada: +5 a\u00f1os.<br \/>\nHabla en portugu\u00e9s.<\/p>","protected":false},"excerpt":{"rendered":"<p>El nuevo Super DOC con sus grandes y brillantes ojos, introduce a los ni\u00f1os en los conceptos b\u00e1sicos de la codificaci\u00f3n de una manera creativa, gradual y divertida. En el primer modo, el robot puede programarse libremente o utilizando las cartas de juego, que sugieren asociaciones l\u00f3gicas simples, para divertidos desaf\u00edos de dos jugadores. Super &hellip;<\/p>\n<p class=\"read-more\"> <a class=\"\" href=\"https:\/\/lojaxis.com\/es\/produto\/superdoc\/\"> <span class=\"screen-reader-text\">Superdoc (Habla en portugu\u00e9s)<\/span> Leer m\u00e1s &raquo;<\/a><\/p>\n","protected":false},"featured_media":6544,"comment_status":"open","ping_status":"closed","template":"","meta":[],"product_cat":[52],"product_tag":[],"class_list":{"0":"post-5915","1":"product","2":"type-product","3":"status-publish","4":"has-post-thumbnail","6":"product_cat-robotica","7":"product_shipping_class-3kg","8":"align-left","9":"box-shadow-0","10":"box-shadow-3-hover","11":"ast-product-gallery-layout-horizontal","12":"ast-product-tabs-layout-vertical","14":"first","15":"instock","16":"taxable","17":"shipping-taxable","18":"purchasable","19":"product-type-simple"},"_links":{"self":[{"href":"https:\/\/lojaxis.com\/es\/wp-json\/wp\/v2\/product\/5915","targetHints":{"allow":["GET"]}}],"collection":[{"href":"https:\/\/lojaxis.com\/es\/wp-json\/wp\/v2\/product"}],"about":[{"href":"https:\/\/lojaxis.com\/es\/wp-json\/wp\/v2\/types\/product"}],"replies":[{"embeddable":true,"href":"https:\/\/lojaxis.com\/es\/wp-json\/wp\/v2\/comments?post=5915"}],"wp:featuredmedia":[{"embeddable":true,"href":"https:\/\/lojaxis.com\/es\/wp-json\/wp\/v2\/media\/6544"}],"wp:attachment":[{"href":"https:\/\/lojaxis.com\/es\/wp-json\/wp\/v2\/media?parent=5915"}],"wp:term":[{"taxonomy":"product_cat","embeddable":true,"href":"https:\/\/lojaxis.com\/es\/wp-json\/wp\/v2\/product_cat?post=5915"},{"taxonomy":"product_tag","embeddable":true,"href":"https:\/\/lojaxis.com\/es\/wp-json\/wp\/v2\/product_tag?post=5915"}],"curies":[{"name":"wp","href":"https:\/\/api.w.org\/{rel}","templated":true}]}}