{"id":5901,"date":"2021-02-14T00:47:34","date_gmt":"2021-02-14T00:47:34","guid":{"rendered":"http:\/\/176.223.132.137\/?post_type=product&#038;p=5901"},"modified":"2025-12-16T14:49:21","modified_gmt":"2025-12-16T14:49:21","slug":"conjunto-de-jogos-3-em-1-xadrez-damas-e-gamao","status":"publish","type":"product","link":"https:\/\/lojaxis.com\/es\/produto\/juego-de-ajedrez-damas-y-backgammon-3-en-1\/","title":{"rendered":"Caja de juego de juegos 3 en 1: ajedrez, damas y backgammon"},"content":{"rendered":"<p>Un bonito juego de ajedrez, Backgammon y Draughts plegable.<\/p>\n<p>La funda se despliega para revelar un chequerboard de buen tama\u00f1o en un lado con un dise\u00f1o de Backgammon en el reverso.<\/p>\n<p>La caja de madera de arce te\u00f1ida de color natural y nuez con abrazaderas de metal se dobla como un compartimento de almacenamiento para las piezas.<\/p>\n<p>Cuenta con preciosas piezas de ajedrez Staunton hechas de madera de arce con bases de fieltro. King es de 78 mm de alto.<\/p>\n<p>Incluye todas las piezas y accesorios necesarios para ajedrez, backgammon y corrientes de aire.<\/p>\n<p>Contiene piezas peque\u00f1as. No apto para ni\u00f1os menores de 4 a\u00f1os.<\/p>\n<p>Peso total: 1,6 kg<br \/>\nAltura del rey: 7,8 cm<br \/>\nDimensiones de la bandeja: 40,5 x 40,5 x 5 cm<br \/>\nDimensiones de la casa de tablero: 4,5 cm de lado<\/p>","protected":false},"excerpt":{"rendered":"<p>Un bonito juego de ajedrez, Backgammon y Draughts plegable. La funda se despliega para revelar un chequerboard de buen tama\u00f1o en un lado con un dise\u00f1o de Backgammon en el reverso. La caja de madera de arce te\u00f1ida de color natural y nuez con abrazaderas de metal se dobla como un compartimento de almacenamiento para &hellip;<\/p>\n<p class=\"read-more\"> <a class=\"\" href=\"https:\/\/lojaxis.com\/es\/produto\/juego-de-ajedrez-damas-y-backgammon-3-en-1\/\"> <span class=\"screen-reader-text\">Caja de juego de juegos 3 en 1: ajedrez, damas y backgammon<\/span> Leer m\u00e1s &raquo;<\/a><\/p>\n","protected":false},"featured_media":6563,"comment_status":"open","ping_status":"closed","template":"","meta":[],"product_cat":[31,50],"product_tag":[],"class_list":{"0":"post-5901","1":"product","2":"type-product","3":"status-publish","4":"has-post-thumbnail","6":"product_cat-conjuntos-tabuleiros-e-pecas","7":"product_cat-outros-jogos","8":"product_shipping_class-2kg","9":"align-left","10":"box-shadow-0","11":"box-shadow-3-hover","12":"ast-product-gallery-layout-horizontal","13":"ast-product-tabs-layout-vertical","15":"first","16":"instock","17":"taxable","18":"shipping-taxable","19":"purchasable","20":"product-type-simple"},"_links":{"self":[{"href":"https:\/\/lojaxis.com\/es\/wp-json\/wp\/v2\/product\/5901","targetHints":{"allow":["GET"]}}],"collection":[{"href":"https:\/\/lojaxis.com\/es\/wp-json\/wp\/v2\/product"}],"about":[{"href":"https:\/\/lojaxis.com\/es\/wp-json\/wp\/v2\/types\/product"}],"replies":[{"embeddable":true,"href":"https:\/\/lojaxis.com\/es\/wp-json\/wp\/v2\/comments?post=5901"}],"wp:featuredmedia":[{"embeddable":true,"href":"https:\/\/lojaxis.com\/es\/wp-json\/wp\/v2\/media\/6563"}],"wp:attachment":[{"href":"https:\/\/lojaxis.com\/es\/wp-json\/wp\/v2\/media?parent=5901"}],"wp:term":[{"taxonomy":"product_cat","embeddable":true,"href":"https:\/\/lojaxis.com\/es\/wp-json\/wp\/v2\/product_cat?post=5901"},{"taxonomy":"product_tag","embeddable":true,"href":"https:\/\/lojaxis.com\/es\/wp-json\/wp\/v2\/product_tag?post=5901"}],"curies":[{"name":"wp","href":"https:\/\/api.w.org\/{rel}","templated":true}]}}