{"id":353,"date":"2016-12-18T21:14:23","date_gmt":"2016-12-18T21:14:23","guid":{"rendered":"http:\/\/176.223.132.137\/?product=relogio-dgt-1002"},"modified":"2026-04-04T18:13:40","modified_gmt":"2026-04-04T18:13:40","slug":"relogio-dgt-1002","status":"publish","type":"product","link":"https:\/\/lojaxis.com\/es\/produto\/reloj-dgt-1002\/","title":{"rendered":"Reloj DGT 1002"},"content":{"rendered":"<p><\/p>\n<div data-canvas-width=\"377.58\">Este cron\u00f3metro proporciona emoci\u00f3n y dinamismo extra a cualquier juego practicado por dos \u00a0jugadores. Gracias a sus pr\u00e1cticos botones superiores y a su amplia pantalla, el DGT1002 es muy f\u00e1cil de programar y muy intuitivo. Cuenta con un temporizador de cuenta atr\u00e1s de un per\u00edodo y tiene la opci\u00f3n de a\u00f1adir una cantidad fija de tiempo adicional antes de cada movimiento de un jugador. El reloj cambia de un jugador a otro cuando se aprieta el bot\u00f3n derecho o el izquierdo.<\/div>\n<div data-canvas-width=\"377.58\"><\/div>\n<div data-canvas-width=\"377.58\">P\u00e1gina web oficial:<\/div>\n<p>http:\/\/www.digitalgametechnology.com\/index.php\/products\/clocks1\/532-dgt1002-bonus-timer<\/p>\n<p>Manual:<br \/>\nhttp:\/\/www.digitalgametechnology.com\/index.php\/support1\/manuals\/clocks\/dgt-1002\/391-manual-dgt-1002-spanish<\/p>\n<p>&nbsp;<\/p>\n<p>Peso: 0.2 Kg<\/p>\n<p>Dimensiones<br \/>\nTama\u00f1o de la carcasa: 155 x 60 x 42 mm<br \/>\nPantalla: 115 x 17 mm<\/p>\n<p>&nbsp;<\/p>","protected":false},"excerpt":{"rendered":"<p>Este cron\u00f3metro proporciona emoci\u00f3n y dinamismo extra a cualquier juego practicado por dos \u00a0jugadores. Gracias a sus pr\u00e1cticos botones superiores y a su amplia pantalla, el DGT1002 es muy f\u00e1cil de programar y muy intuitivo. Cuenta con un temporizador de cuenta atr\u00e1s de un per\u00edodo y tiene la opci\u00f3n de a\u00f1adir una cantidad fija de &hellip;<\/p>\n<p class=\"read-more\"> <a class=\"\" href=\"https:\/\/lojaxis.com\/es\/produto\/reloj-dgt-1002\/\"> <span class=\"screen-reader-text\">Reloj DGT 1002<\/span> Leer m\u00e1s &raquo;<\/a><\/p>\n","protected":false},"featured_media":6605,"comment_status":"open","ping_status":"closed","template":"","meta":[],"product_cat":[34],"product_tag":[21],"class_list":{"0":"post-353","1":"product","2":"type-product","3":"status-publish","4":"has-post-thumbnail","6":"product_cat-relogios","7":"product_tag-escolar","8":"product_shipping_class-1kg","9":"align-left","10":"box-shadow-0","11":"box-shadow-3-hover","12":"ast-product-gallery-layout-horizontal","13":"ast-product-tabs-layout-vertical","15":"first","16":"onbackorder","17":"taxable","18":"shipping-taxable","19":"purchasable","20":"product-type-simple"},"_links":{"self":[{"href":"https:\/\/lojaxis.com\/es\/wp-json\/wp\/v2\/product\/353","targetHints":{"allow":["GET"]}}],"collection":[{"href":"https:\/\/lojaxis.com\/es\/wp-json\/wp\/v2\/product"}],"about":[{"href":"https:\/\/lojaxis.com\/es\/wp-json\/wp\/v2\/types\/product"}],"replies":[{"embeddable":true,"href":"https:\/\/lojaxis.com\/es\/wp-json\/wp\/v2\/comments?post=353"}],"wp:featuredmedia":[{"embeddable":true,"href":"https:\/\/lojaxis.com\/es\/wp-json\/wp\/v2\/media\/6605"}],"wp:attachment":[{"href":"https:\/\/lojaxis.com\/es\/wp-json\/wp\/v2\/media?parent=353"}],"wp:term":[{"taxonomy":"product_cat","embeddable":true,"href":"https:\/\/lojaxis.com\/es\/wp-json\/wp\/v2\/product_cat?post=353"},{"taxonomy":"product_tag","embeddable":true,"href":"https:\/\/lojaxis.com\/es\/wp-json\/wp\/v2\/product_tag?post=353"}],"curies":[{"name":"wp","href":"https:\/\/api.w.org\/{rel}","templated":true}]}}