{"id":3381,"date":"2016-04-03T15:41:33","date_gmt":"2016-04-03T15:41:33","guid":{"rendered":"http:\/\/176.223.132.137\/?product=relogio-dgt-1001"},"modified":"2025-12-18T12:42:22","modified_gmt":"2025-12-18T12:42:22","slug":"relogio-dgt-1001","status":"publish","type":"product","link":"https:\/\/lojaxis.com\/es\/produto\/reloj-dgt-1001\/","title":{"rendered":"Reloj DGT 1001"},"content":{"rendered":"<p>F\u00e1cil de llevar, f\u00e1cil de usar. El reloj de ajedrez DGT 1001 es un temporizador de juego universal adecuado para la escuela, club o en en casa. Perfecta simplicidad en el tiempo de juego!<\/p>\n<p>Sin ning\u00fan tipo de sistema de bonificaci\u00f3n de tiempo es un reloj b\u00e1sico. Ideal para los organizadores de las competiciones de \u00a0escuelas que tienen que llevar grandes cantidades de relojes. Es pr\u00e1ctico con un precio asequible.<\/p>\n<p>La p\u00e1gina oficial:<\/p>\n<p>http:\/\/www.digitalgametechnology.com\/index.php\/news\/467-the-dgt-1001<\/p>\n<p>Manual:<br \/>\nhttp:\/\/www.digitalgametechnology.com\/index.php\/support1\/manuals\/clocks\/dgt-1001<\/p>\n<p>Peso: 0,2 kg<\/p>\n<p>&nbsp;<\/p>","protected":false},"excerpt":{"rendered":"<p>F\u00e1cil de llevar, f\u00e1cil de usar. El reloj de ajedrez DGT 1001 es un temporizador de juego universal adecuado para la escuela, club o en en casa. Perfecta simplicidad en el tiempo de juego! Sin ning\u00fan tipo de sistema de bonificaci\u00f3n de tiempo es un reloj b\u00e1sico. Ideal para los organizadores de las competiciones de &hellip;<\/p>\n<p class=\"read-more\"> <a class=\"\" href=\"https:\/\/lojaxis.com\/es\/produto\/reloj-dgt-1001\/\"> <span class=\"screen-reader-text\">Reloj DGT 1001<\/span> Leer m\u00e1s &raquo;<\/a><\/p>\n","protected":false},"featured_media":6627,"comment_status":"open","ping_status":"closed","template":"","meta":[],"product_cat":[34],"product_tag":[21],"class_list":{"0":"post-3381","1":"product","2":"type-product","3":"status-publish","4":"has-post-thumbnail","6":"product_cat-relogios","7":"product_tag-escolar","8":"align-left","9":"box-shadow-0","10":"box-shadow-3-hover","11":"ast-product-gallery-layout-horizontal","12":"ast-product-tabs-layout-vertical","14":"first","15":"instock","16":"taxable","17":"shipping-taxable","18":"purchasable","19":"product-type-simple"},"_links":{"self":[{"href":"https:\/\/lojaxis.com\/es\/wp-json\/wp\/v2\/product\/3381","targetHints":{"allow":["GET"]}}],"collection":[{"href":"https:\/\/lojaxis.com\/es\/wp-json\/wp\/v2\/product"}],"about":[{"href":"https:\/\/lojaxis.com\/es\/wp-json\/wp\/v2\/types\/product"}],"replies":[{"embeddable":true,"href":"https:\/\/lojaxis.com\/es\/wp-json\/wp\/v2\/comments?post=3381"}],"wp:featuredmedia":[{"embeddable":true,"href":"https:\/\/lojaxis.com\/es\/wp-json\/wp\/v2\/media\/6627"}],"wp:attachment":[{"href":"https:\/\/lojaxis.com\/es\/wp-json\/wp\/v2\/media?parent=3381"}],"wp:term":[{"taxonomy":"product_cat","embeddable":true,"href":"https:\/\/lojaxis.com\/es\/wp-json\/wp\/v2\/product_cat?post=3381"},{"taxonomy":"product_tag","embeddable":true,"href":"https:\/\/lojaxis.com\/es\/wp-json\/wp\/v2\/product_tag?post=3381"}],"curies":[{"name":"wp","href":"https:\/\/api.w.org\/{rel}","templated":true}]}}