{"id":3380,"date":"2016-04-03T15:03:53","date_gmt":"2016-04-03T15:03:53","guid":{"rendered":"http:\/\/176.223.132.137\/?product=relogio-dgt-3000"},"modified":"2025-01-08T14:17:34","modified_gmt":"2025-01-08T14:17:34","slug":"relogio-dgt-3000","status":"publish","type":"product","link":"https:\/\/lojaxis.com\/es\/produto\/reloj-dgt-3000\/","title":{"rendered":"Reloj DGT 3000"},"content":{"rendered":"<p>El mejor en su clase. Usted no ser\u00e1 decepcionado con este reloj! Aprobado por la Federaci\u00f3n Internacional de Ajedrez (FIDE) con muchas nuevas caracter\u00edsticas:<\/p>\n<ul>\n<li>se conecta con todos los tableros\u00a0DGT e-Boards.<\/li>\n<li>segundos son siempre visualizados desde el principio<\/li>\n<li>pantalla m\u00e1s grande con m\u00e1s informaci\u00f3n<\/li>\n<li>25\u00a0configuraciones preprogramadas para los ritmos de juego m\u00e1s populares<\/li>\n<li>5\u00a0espacios para configuraciones personalizadas<\/li>\n<li>&#8220;US delay&#8221; y &#8220;Bronstein delay&#8221;<\/li>\n<\/ul>\n<p>&nbsp;<\/p>\n<p>P\u00e1gina oficial:<\/p>\n<p><a href=\"http:\/\/www.digitalgametechnology.com\/index.php\/products\/clocks1\/418-dgt3000\">http:\/\/www.digitalgametechnology.com\/index.php\/products\/clocks1\/418-dgt3000<\/a><\/p>\n<p>Manual:<br \/>\n<a href=\"http:\/\/www.digitalgametechnology.com\/index.php\/products\/clocks1\/418-dgt3000\" target=\"_blank\" rel=\"noopener noreferrer\">http:\/\/www.digitalgametechnology.com\/index.php\/support1\/manuals\/clocks\/dgt3000<\/a><\/p>\n<p>Peso: 0.6 Kg<\/p>\n<p>Dimensiones<br \/>\nTama\u00f1o de la carcasa: 166 x 114 x 65 mm<br \/>\nPantalla: 35 x 130 mm<\/p>","protected":false},"excerpt":{"rendered":"<p>El mejor en su clase. Usted no ser\u00e1 decepcionado con este reloj! Aprobado por la Federaci\u00f3n Internacional de Ajedrez (FIDE) con muchas nuevas caracter\u00edsticas: se conecta con todos los tableros\u00a0DGT e-Boards. segundos son siempre visualizados desde el principio pantalla m\u00e1s grande con m\u00e1s informaci\u00f3n 25\u00a0configuraciones preprogramadas para los ritmos de juego m\u00e1s populares 5\u00a0espacios para &hellip;<\/p>\n<p class=\"read-more\"> <a class=\"\" href=\"https:\/\/lojaxis.com\/es\/produto\/reloj-dgt-3000\/\"> <span class=\"screen-reader-text\">Reloj DGT 3000<\/span> Leer m\u00e1s &raquo;<\/a><\/p>\n","protected":false},"featured_media":6630,"comment_status":"open","ping_status":"closed","template":"","meta":[],"product_cat":[34],"product_tag":[24],"class_list":{"0":"post-3380","1":"product","2":"type-product","3":"status-publish","4":"has-post-thumbnail","6":"product_cat-relogios","7":"product_tag-elite","8":"product_shipping_class-1kg","9":"align-left","10":"box-shadow-0","11":"box-shadow-3-hover","12":"ast-product-gallery-layout-horizontal","13":"ast-product-tabs-layout-vertical","15":"first","16":"instock","17":"taxable","18":"shipping-taxable","19":"purchasable","20":"product-type-simple"},"_links":{"self":[{"href":"https:\/\/lojaxis.com\/es\/wp-json\/wp\/v2\/product\/3380","targetHints":{"allow":["GET"]}}],"collection":[{"href":"https:\/\/lojaxis.com\/es\/wp-json\/wp\/v2\/product"}],"about":[{"href":"https:\/\/lojaxis.com\/es\/wp-json\/wp\/v2\/types\/product"}],"replies":[{"embeddable":true,"href":"https:\/\/lojaxis.com\/es\/wp-json\/wp\/v2\/comments?post=3380"}],"wp:featuredmedia":[{"embeddable":true,"href":"https:\/\/lojaxis.com\/es\/wp-json\/wp\/v2\/media\/6630"}],"wp:attachment":[{"href":"https:\/\/lojaxis.com\/es\/wp-json\/wp\/v2\/media?parent=3380"}],"wp:term":[{"taxonomy":"product_cat","embeddable":true,"href":"https:\/\/lojaxis.com\/es\/wp-json\/wp\/v2\/product_cat?post=3380"},{"taxonomy":"product_tag","embeddable":true,"href":"https:\/\/lojaxis.com\/es\/wp-json\/wp\/v2\/product_tag?post=3380"}],"curies":[{"name":"wp","href":"https:\/\/api.w.org\/{rel}","templated":true}]}}