{"id":3378,"date":"2016-02-02T20:26:23","date_gmt":"2016-02-02T20:26:23","guid":{"rendered":"http:\/\/176.223.132.137\/?post_type=product&#038;p=130"},"modified":"2025-12-16T14:49:23","modified_gmt":"2025-12-16T14:49:23","slug":"my-first-chess-kit-portuguese-only","status":"publish","type":"product","link":"https:\/\/lojaxis.com\/es\/produto\/mi-primer-kit-de-ajedrez-solo-en-portugues\/","title":{"rendered":"Mi Primer Kit de Ajedrez (s\u00f3lo en portugu\u00e9s)"},"content":{"rendered":"<p>Este divertid\u00edssimo Kit permite ao iniciante conhecer melhor regras, estrat\u00e9gias e t\u00e1ticas aplicadas no jogo de xadrez.<\/p>\n<p>O Kit inclui:<\/p>\n<p>a) Um livro educativo (84 p.) com:<\/p>\n<p>&#8211; Hist\u00f3ria do Xadrez<br \/>\n&#8211; O tabuleiro e as pe\u00e7as<br \/>\n&#8211; Movimentos e capturas<br \/>\n&#8211; A anota\u00e7\u00e3o e o valor das pe\u00e7as<br \/>\n&#8211; Movimentos especiais e temas t\u00e1ticos<br \/>\n&#8211; As fases de uma partida de xadrez<br \/>\n&#8211; Os rel\u00f3gios e respetivos sistemas de emparceiramento<\/p>\n<p>&#8211; 6 fichas de trabalho, 59 exerc\u00edcios, 4 folhas de registo de partida.<\/p>\n<p>b) 1 Poster<\/p>\n<p>c) 1 Cart\u00e3o com os movimentos das pe\u00e7as<\/p>\n<p>d) 1 Tabuleiro e pe\u00e7as destac\u00e1veis<\/p>\n<p>e) 1 L\u00e1pis Multicor<\/p>","protected":false},"excerpt":{"rendered":"<p>Este divertid\u00edssimo Kit permite ao iniciante conhecer melhor regras, estrat\u00e9gias e t\u00e1ticas aplicadas no jogo de xadrez. O Kit inclui: a) Um livro educativo (84 p.) com: &#8211; Hist\u00f3ria do Xadrez &#8211; O tabuleiro e as pe\u00e7as &#8211; Movimentos e capturas &#8211; A anota\u00e7\u00e3o e o valor das pe\u00e7as &#8211; Movimentos especiais e temas t\u00e1ticos &hellip;<\/p>\n<p class=\"read-more\"> <a class=\"\" href=\"https:\/\/lojaxis.com\/es\/produto\/mi-primer-kit-de-ajedrez-solo-en-portugues\/\"> <span class=\"screen-reader-text\">Mi Primer Kit de Ajedrez (s\u00f3lo en portugu\u00e9s)<\/span> Leer m\u00e1s &raquo;<\/a><\/p>\n","protected":false},"featured_media":6633,"comment_status":"open","ping_status":"closed","template":"","meta":[],"product_cat":[22],"product_tag":[21],"class_list":{"0":"post-3378","1":"product","2":"type-product","3":"status-publish","4":"has-post-thumbnail","6":"product_cat-livros","7":"product_tag-escolar","8":"align-left","9":"box-shadow-0","10":"box-shadow-3-hover","11":"ast-product-gallery-layout-horizontal","12":"ast-product-tabs-layout-vertical","14":"first","15":"instock","16":"taxable","17":"shipping-taxable","18":"purchasable","19":"product-type-simple"},"_links":{"self":[{"href":"https:\/\/lojaxis.com\/es\/wp-json\/wp\/v2\/product\/3378","targetHints":{"allow":["GET"]}}],"collection":[{"href":"https:\/\/lojaxis.com\/es\/wp-json\/wp\/v2\/product"}],"about":[{"href":"https:\/\/lojaxis.com\/es\/wp-json\/wp\/v2\/types\/product"}],"replies":[{"embeddable":true,"href":"https:\/\/lojaxis.com\/es\/wp-json\/wp\/v2\/comments?post=3378"}],"wp:featuredmedia":[{"embeddable":true,"href":"https:\/\/lojaxis.com\/es\/wp-json\/wp\/v2\/media\/6633"}],"wp:attachment":[{"href":"https:\/\/lojaxis.com\/es\/wp-json\/wp\/v2\/media?parent=3378"}],"wp:term":[{"taxonomy":"product_cat","embeddable":true,"href":"https:\/\/lojaxis.com\/es\/wp-json\/wp\/v2\/product_cat?post=3378"},{"taxonomy":"product_tag","embeddable":true,"href":"https:\/\/lojaxis.com\/es\/wp-json\/wp\/v2\/product_tag?post=3378"}],"curies":[{"name":"wp","href":"https:\/\/api.w.org\/{rel}","templated":true}]}}