{"id":3375,"date":"2015-10-26T21:29:47","date_gmt":"2015-10-26T21:29:47","guid":{"rendered":"http:\/\/176.223.132.137\/?post_type=product&#038;p=18"},"modified":"2026-04-15T10:53:21","modified_gmt":"2026-04-15T10:53:21","slug":"relogio-dgt-2010-second-generation","status":"publish","type":"product","link":"https:\/\/lojaxis.com\/es\/produto\/reloj-dgt-2010-second-generation\/","title":{"rendered":"Reloj DGT 2010 Second Generation"},"content":{"rendered":"<p><span style=\"font-weight: 400;\">Aprobado por la Federaci\u00f3n Internacional de Ajedrez (FIDE)<\/span><\/p>\n<p><span style=\"font-weight: 400;\">El DGT 2010 es un reloj digital profesional apropiado para todos los juegos de dos personas como Ajedrez, Go, Damas o Scrabble. Tiene 21 configuraciones preprogramadas para los ritmos de juego m\u00e1s populares as\u00ed como la opci\u00f3n de configurar manualmente otros ritmos.<\/span><\/p>\n<p><span style=\"font-weight: 400;\">Incorpora los ritmos de juego profesional y Byo-yomi canadiense para Go<\/span><\/p>\n<p><span style=\"font-weight: 400;\">Configuraciones preprogramados para los ritmos de juego m\u00e1s populares (incluye pilas) <\/span><\/p>\n<p><span style=\"font-weight: 400;\">P\u00e1gina oficial:<\/span><\/p>\n<p><a href=\"http:\/\/www.digitalgametechnology.com\/index.php\/products\/clocks1\/79-dgt-2010\"><span style=\"font-weight: 400;\">http:\/\/www.digitalgametechnology.com\/index.php\/products\/clocks1\/79-dgt-2010<\/span><\/a><\/p>\n<p><span style=\"font-weight: 400;\">Peso: 0.6 Kg<\/span><\/p>\n<p>Dimensiones<br \/>\nTama\u00f1o de la carcasa: 195 x 105 x 60 mm<br \/>\nPantalla: 25 x 135 mm<\/p>\n<p>&nbsp;<\/p>\n<p>&nbsp;<\/p>","protected":false},"excerpt":{"rendered":"<p>Aprobado por la Federaci\u00f3n Internacional de Ajedrez (FIDE) El DGT 2010 es un reloj digital profesional apropiado para todos los juegos de dos personas como Ajedrez, Go, Damas o Scrabble. Tiene 21 configuraciones preprogramadas para los ritmos de juego m\u00e1s populares as\u00ed como la opci\u00f3n de configurar manualmente otros ritmos. Incorpora los ritmos de juego &hellip;<\/p>\n<p class=\"read-more\"> <a class=\"\" href=\"https:\/\/lojaxis.com\/es\/produto\/reloj-dgt-2010-second-generation\/\"> <span class=\"screen-reader-text\">Reloj DGT 2010 Second Generation<\/span> Leer m\u00e1s &raquo;<\/a><\/p>\n","protected":false},"featured_media":6641,"comment_status":"open","ping_status":"closed","template":"","meta":[],"product_cat":[34],"product_tag":[17],"class_list":{"0":"post-3375","1":"product","2":"type-product","3":"status-publish","4":"has-post-thumbnail","6":"product_cat-relogios","7":"product_tag-standard","8":"product_shipping_class-1kg","9":"align-left","10":"box-shadow-0","11":"box-shadow-3-hover","12":"ast-product-gallery-layout-horizontal","13":"ast-product-tabs-layout-vertical","15":"first","16":"onbackorder","17":"taxable","18":"shipping-taxable","19":"purchasable","20":"product-type-simple"},"_links":{"self":[{"href":"https:\/\/lojaxis.com\/es\/wp-json\/wp\/v2\/product\/3375","targetHints":{"allow":["GET"]}}],"collection":[{"href":"https:\/\/lojaxis.com\/es\/wp-json\/wp\/v2\/product"}],"about":[{"href":"https:\/\/lojaxis.com\/es\/wp-json\/wp\/v2\/types\/product"}],"replies":[{"embeddable":true,"href":"https:\/\/lojaxis.com\/es\/wp-json\/wp\/v2\/comments?post=3375"}],"wp:featuredmedia":[{"embeddable":true,"href":"https:\/\/lojaxis.com\/es\/wp-json\/wp\/v2\/media\/6641"}],"wp:attachment":[{"href":"https:\/\/lojaxis.com\/es\/wp-json\/wp\/v2\/media?parent=3375"}],"wp:term":[{"taxonomy":"product_cat","embeddable":true,"href":"https:\/\/lojaxis.com\/es\/wp-json\/wp\/v2\/product_cat?post=3375"},{"taxonomy":"product_tag","embeddable":true,"href":"https:\/\/lojaxis.com\/es\/wp-json\/wp\/v2\/product_tag?post=3375"}],"curies":[{"name":"wp","href":"https:\/\/api.w.org\/{rel}","templated":true}]}}