{"id":3312,"date":"2019-03-01T17:39:35","date_gmt":"2019-03-01T17:39:35","guid":{"rendered":"http:\/\/176.223.132.137\/?post_type=product&#038;p=3312"},"modified":"2026-04-07T05:11:21","modified_gmt":"2026-04-07T05:11:21","slug":"conjunto-de-pecas-e-tabuleiro-de-plastico-pecas-pesadas-staunton-6","status":"publish","type":"product","link":"https:\/\/lojaxis.com\/es\/produto\/juego-de-piezas-y-bandeja-de-plastico-piezas-pesadas-staunton-6\/","title":{"rendered":"Conjunto de Ajedrez de Pl\u00e1stico &#8211; Piezas con peso doble &#8211; Staunton 6"},"content":{"rendered":"<p>Piezas de ajedrez de pl\u00e1stico resistente, alto impacto y con base de fieltro, de tama\u00f1o oficial: \u00a1Staunton 6!<\/p>\n<p>Doble dama.<br \/>\nAltura del Rey: 9,6 cm<\/p>\n<p>Tablero de vinilo:<br \/>\nTablero muy resistente y lavable. La gran ventaja de este tablero es la facilidad de llevarlo donde queramos: tablero enrrollable, muy f\u00e1cil de manejar. A la hora de colocar el tablero sobre la mesa, este no se queda con arrugas o marcas de haber estado enrollado.<br \/>\nIdeal para colegios y clubes.<\/p>\n<p>Dimensiones:<br \/>\nTablero: 47,6 cm x 47,6 cm x 0,1 cm<br \/>\nCasillas:5,5 cm x 5,5 cm<br \/>\nPeso del conjunto: 1,020 Kg<\/p>\n<p>Tablero de goma:<br \/>\nTablero muy resistente, m\u00e1s grueso que los tableros de ajedrez de vinilo y lavable. La gran ventaja de este tablero es la facilidad de llevarlo donde queramos: tablero enrrollable, muy f\u00e1cil de manejar. A la hora de colocar el tablero sobre la mesa, este no se queda con arrugas o marcas de haber estado enrollado.\u00a0Ideal para colegios y clubes.<\/p>\n<p>Dimensiones:<br \/>\nTablero: 50,8 cm x 50,8 cm x 0,2 cm<br \/>\nCasillas:5,5 cm x 5,5 cm<br \/>\nPeso del conjunto: 1,100 Kg<\/p>\n<p>&nbsp;<\/p>\n<p>&nbsp;<\/p>","protected":false},"excerpt":{"rendered":"<p>Piezas de ajedrez de pl\u00e1stico resistente, alto impacto y con base de fieltro, de tama\u00f1o oficial: \u00a1Staunton 6! Doble dama. Altura del Rey: 9,6 cm Tablero de vinilo: Tablero muy resistente y lavable. La gran ventaja de este tablero es la facilidad de llevarlo donde queramos: tablero enrrollable, muy f\u00e1cil de manejar. A la hora &hellip;<\/p>\n<p class=\"read-more\"> <a class=\"\" href=\"https:\/\/lojaxis.com\/es\/produto\/juego-de-piezas-y-bandeja-de-plastico-piezas-pesadas-staunton-6\/\"> <span class=\"screen-reader-text\">Conjunto de Ajedrez de Pl\u00e1stico &#8211; Piezas con peso doble &#8211; Staunton 6<\/span> Leer m\u00e1s &raquo;<\/a><\/p>\n","protected":false},"featured_media":6576,"comment_status":"open","ping_status":"closed","template":"","meta":[],"product_cat":[31],"product_tag":[17],"class_list":{"0":"post-3312","1":"product","2":"type-product","3":"status-publish","4":"has-post-thumbnail","6":"product_cat-conjuntos-tabuleiros-e-pecas","7":"product_tag-standard","8":"product_shipping_class-2kg","9":"align-left","10":"box-shadow-0","11":"box-shadow-3-hover","12":"ast-product-gallery-layout-horizontal","13":"ast-product-tabs-layout-vertical","15":"first","16":"onbackorder","17":"taxable","18":"shipping-taxable","19":"purchasable","20":"product-type-variable"},"_links":{"self":[{"href":"https:\/\/lojaxis.com\/es\/wp-json\/wp\/v2\/product\/3312","targetHints":{"allow":["GET"]}}],"collection":[{"href":"https:\/\/lojaxis.com\/es\/wp-json\/wp\/v2\/product"}],"about":[{"href":"https:\/\/lojaxis.com\/es\/wp-json\/wp\/v2\/types\/product"}],"replies":[{"embeddable":true,"href":"https:\/\/lojaxis.com\/es\/wp-json\/wp\/v2\/comments?post=3312"}],"wp:featuredmedia":[{"embeddable":true,"href":"https:\/\/lojaxis.com\/es\/wp-json\/wp\/v2\/media\/6576"}],"wp:attachment":[{"href":"https:\/\/lojaxis.com\/es\/wp-json\/wp\/v2\/media?parent=3312"}],"wp:term":[{"taxonomy":"product_cat","embeddable":true,"href":"https:\/\/lojaxis.com\/es\/wp-json\/wp\/v2\/product_cat?post=3312"},{"taxonomy":"product_tag","embeddable":true,"href":"https:\/\/lojaxis.com\/es\/wp-json\/wp\/v2\/product_tag?post=3312"}],"curies":[{"name":"wp","href":"https:\/\/api.w.org\/{rel}","templated":true}]}}