{"id":3294,"date":"2019-02-14T15:16:02","date_gmt":"2019-02-14T15:16:02","guid":{"rendered":"http:\/\/176.223.132.137\/?post_type=product&#038;p=3294"},"modified":"2024-08-11T05:31:32","modified_gmt":"2024-08-11T05:31:32","slug":"chess-coaching-for-kids-the-u10-project","status":"publish","type":"product","link":"https:\/\/lojaxis.com\/es\/produto\/chess-coaching-for-kids-the-u10-project\/","title":{"rendered":"Chess Coaching for kids: the U10 \u2013 Project (s\u00f3lo en Ingl\u00e9s)"},"content":{"rendered":"<p>La m\u00e1s completa herramienta para la ense\u00f1anza y preparaci\u00f3n para los torneos de ajedrez.<br \/>\nEste libro resulta del an\u00e1lisis de m\u00e1s de 2500 torneos Sub 8 y Sub 10, por Thomas Luther, Gran Maestro Internacional otorgado por la FIDE y su equipo, e incluye 68 lecciones y 247 desaf\u00edos.<\/p>\n<p>Tapa dura | 256 p\u00e1ginas<br \/>\nIngl\u00e9s | 2018<\/p>\n<p><a href=\"https:\/\/chessimprover.com\/the-u10-project\/\" rel=\"noopener\" target=\"_blank\">https:\/\/chessimprover.com\/the-u10-project\/<\/a><br \/>\nPeso: 0,600 Kg<\/p>","protected":false},"excerpt":{"rendered":"<p>La m\u00e1s completa herramienta para la ense\u00f1anza y preparaci\u00f3n para los torneos de ajedrez. Este libro resulta del an\u00e1lisis de m\u00e1s de 2500 torneos Sub 8 y Sub 10, por Thomas Luther, Gran Maestro Internacional otorgado por la FIDE y su equipo, e incluye 68 lecciones y 247 desaf\u00edos. Tapa dura | 256 p\u00e1ginas Ingl\u00e9s &hellip;<\/p>\n<p class=\"read-more\"> <a class=\"\" href=\"https:\/\/lojaxis.com\/es\/produto\/chess-coaching-for-kids-the-u10-project\/\"> <span class=\"screen-reader-text\">Chess Coaching for kids: the U10 \u2013 Project (s\u00f3lo en Ingl\u00e9s)<\/span> Leer m\u00e1s &raquo;<\/a><\/p>\n","protected":false},"featured_media":6590,"comment_status":"open","ping_status":"closed","template":"","meta":[],"product_cat":[22],"product_tag":[],"class_list":{"0":"post-3294","1":"product","2":"type-product","3":"status-publish","4":"has-post-thumbnail","6":"product_cat-livros","7":"product_shipping_class-1kg","8":"align-left","9":"box-shadow-0","10":"box-shadow-3-hover","11":"ast-product-gallery-layout-horizontal","12":"ast-product-gallery-with-no-image","13":"ast-product-tabs-layout-vertical","15":"first","16":"instock","17":"taxable","18":"shipping-taxable","19":"purchasable","20":"product-type-simple"},"_links":{"self":[{"href":"https:\/\/lojaxis.com\/es\/wp-json\/wp\/v2\/product\/3294","targetHints":{"allow":["GET"]}}],"collection":[{"href":"https:\/\/lojaxis.com\/es\/wp-json\/wp\/v2\/product"}],"about":[{"href":"https:\/\/lojaxis.com\/es\/wp-json\/wp\/v2\/types\/product"}],"replies":[{"embeddable":true,"href":"https:\/\/lojaxis.com\/es\/wp-json\/wp\/v2\/comments?post=3294"}],"wp:featuredmedia":[{"embeddable":true,"href":"https:\/\/lojaxis.com\/es\/wp-json\/wp\/v2\/media\/6590"}],"wp:attachment":[{"href":"https:\/\/lojaxis.com\/es\/wp-json\/wp\/v2\/media?parent=3294"}],"wp:term":[{"taxonomy":"product_cat","embeddable":true,"href":"https:\/\/lojaxis.com\/es\/wp-json\/wp\/v2\/product_cat?post=3294"},{"taxonomy":"product_tag","embeddable":true,"href":"https:\/\/lojaxis.com\/es\/wp-json\/wp\/v2\/product_tag?post=3294"}],"curies":[{"name":"wp","href":"https:\/\/api.w.org\/{rel}","templated":true}]}}