{"id":3279,"date":"2018-12-14T20:16:43","date_gmt":"2018-12-14T20:16:43","guid":{"rendered":"http:\/\/176.223.132.137\/?post_type=product&#038;p=3279"},"modified":"2025-12-15T08:16:03","modified_gmt":"2025-12-15T08:16:03","slug":"o-pequeno-fritz-aprende-e-treina-o-xadrez","status":"publish","type":"product","link":"https:\/\/lojaxis.com\/es\/produto\/el-pequeno-fritz-solo-en-portugues\/","title":{"rendered":"El peque\u00f1o Fritz. Aprende y entrena ajedrez (solo en portugu\u00e9s)"},"content":{"rendered":"<p>Este divertid\u00edsimo CD ha sido dise\u00f1ado por ChessBase especialmente para ni\u00f1os, permitiendo un aprendizaje entretenido y eficiente del ajedrez, con excitantes situaciones de competici\u00f3n.<br \/>\nEl mejor programa de ajedrez para principiantes. Sin duda, \u00a1la mejor herramienta de aprendizaje de ajedrez!<\/p>\n<p>A trav\u00e9s de una divertida historia y de minijuegos, aprender\u00e1s con Fritz y su prima Bianca todas las reglas del ajedrez. Adem\u00e1s, aprender\u00e1s tambi\u00e9n las varias estrategias (ej.: valor de las piezas), t\u00e9cnicas (ej.: mate del pasillo y oposici\u00f3n).<br \/>\nTras concluidos todos los minijuegos, tendr\u00e1s el gran juego contra el ordenador y podr\u00e1s reutilizar el CD para jugar contra el ordenador con varios niveles de dificultad.<\/p>\n<p>Recomendado por la Federaci\u00f3n Alemana de Ajedrez, para ni\u00f1os a partir de 6 a\u00f1os. Los ni\u00f1os hasta los 8 a\u00f1os pueden beneficiar de acompa\u00f1amiento de adultos pero no es obligatorio.<\/p>\n<p>Requerimientos del sistema:<br \/>\nWIN 95\/98\/ ME\/ XP\/ Vista<br \/>\n32 MB RAM (16 MB memoria libre)<\/p>\n<p>Peso: 0,100Kg<\/p>\n<p>V\u00eddeo demostrativo:\u00a0<a href=\"https:\/\/www.youtube.com\/watch?v=6inPWSzmRlU&amp;t=227s\">https:\/\/www.youtube.com\/watch?v=6inPWSzmRlU&amp;t=227s<\/a><\/p>","protected":false},"excerpt":{"rendered":"<p class=\"qtranxs-available-languages-message qtranxs-available-languages-message-es\">Disculpa, pero esta entrada est\u00e1 disponible s\u00f3lo en <a href=\"https:\/\/lojaxis.com\/pt\/wp-json\/wp\/v2\/product\/3279\" class=\"qtranxs-available-language-link qtranxs-available-language-link-pt\" title=\"Portugu\u00eas\">Portugu\u00eas<\/a>.<\/p>\n","protected":false},"featured_media":6647,"comment_status":"open","ping_status":"closed","template":"","meta":[],"product_cat":[30],"product_tag":[21],"class_list":{"0":"post-3279","1":"product","2":"type-product","3":"status-publish","4":"has-post-thumbnail","6":"product_cat-software","7":"product_tag-escolar","8":"product_shipping_class-1kg","9":"align-left","10":"box-shadow-0","11":"box-shadow-3-hover","12":"ast-product-gallery-layout-horizontal","13":"ast-product-gallery-with-no-image","14":"ast-product-tabs-layout-vertical","16":"first","17":"instock","18":"taxable","19":"shipping-taxable","20":"purchasable","21":"product-type-simple"},"_links":{"self":[{"href":"https:\/\/lojaxis.com\/es\/wp-json\/wp\/v2\/product\/3279","targetHints":{"allow":["GET"]}}],"collection":[{"href":"https:\/\/lojaxis.com\/es\/wp-json\/wp\/v2\/product"}],"about":[{"href":"https:\/\/lojaxis.com\/es\/wp-json\/wp\/v2\/types\/product"}],"replies":[{"embeddable":true,"href":"https:\/\/lojaxis.com\/es\/wp-json\/wp\/v2\/comments?post=3279"}],"wp:featuredmedia":[{"embeddable":true,"href":"https:\/\/lojaxis.com\/es\/wp-json\/wp\/v2\/media\/6647"}],"wp:attachment":[{"href":"https:\/\/lojaxis.com\/es\/wp-json\/wp\/v2\/media?parent=3279"}],"wp:term":[{"taxonomy":"product_cat","embeddable":true,"href":"https:\/\/lojaxis.com\/es\/wp-json\/wp\/v2\/product_cat?post=3279"},{"taxonomy":"product_tag","embeddable":true,"href":"https:\/\/lojaxis.com\/es\/wp-json\/wp\/v2\/product_tag?post=3279"}],"curies":[{"name":"wp","href":"https:\/\/api.w.org\/{rel}","templated":true}]}}