{"id":3272,"date":"2018-12-07T16:22:25","date_gmt":"2018-12-07T16:22:25","guid":{"rendered":"http:\/\/176.223.132.137\/?post_type=product&#038;p=3272"},"modified":"2026-04-20T01:06:00","modified_gmt":"2026-04-20T01:06:00","slug":"relogio-dgt-3000-limited-edition","status":"publish","type":"product","link":"https:\/\/lojaxis.com\/es\/produto\/reloj-dgt-3000-limited-edition\/","title":{"rendered":"Reloj DGT 3000 Limited Edition"},"content":{"rendered":"<p>Edici\u00f3n especial y conmemorativa por 25 a\u00f1os de DGT. Esta versi\u00f3n tiene las mismas opciones del reloj DGT 3000, pero con un dise\u00f1o de madera, m\u00e1s elegante y sofisticado.<\/p>\n<p>Peso: 0.6 Kg<\/p>\n<p>Dimensiones:<br \/>\nTama\u00f1o de la carcasa: 166 x 114 x 65 mm<br \/>\nPantalla: 35 x 13 mm<\/p>\n<p>P\u00e1gina oficial:<br \/>\n<a href=\"http:\/\/www.digitalgametechnology.com\/index.php\/products\/clocks1\/566-dgt3000-limited-edition\">http:\/\/www.digitalgametechnology.com\/index.php\/products\/clocks1\/566-dgt3000-limited-edition<\/a><\/p>","protected":false},"excerpt":{"rendered":"<p>Edici\u00f3n especial y conmemorativa por 25 a\u00f1os de DGT. Esta versi\u00f3n tiene las mismas opciones del reloj DGT 3000, pero con un dise\u00f1o de madera, m\u00e1s elegante y sofisticado. Peso: 0.6 Kg Dimensiones: Tama\u00f1o de la carcasa: 166 x 114 x 65 mm Pantalla: 35 x 13 mm P\u00e1gina oficial: http:\/\/www.digitalgametechnology.com\/index.php\/products\/clocks1\/566-dgt3000-limited-edition<\/p>\n","protected":false},"featured_media":6593,"comment_status":"open","ping_status":"closed","template":"","meta":[],"product_cat":[34],"product_tag":[17],"class_list":{"0":"post-3272","1":"product","2":"type-product","3":"status-publish","4":"has-post-thumbnail","6":"product_cat-relogios","7":"product_tag-standard","8":"product_shipping_class-1kg","9":"align-left","10":"box-shadow-0","11":"box-shadow-3-hover","12":"ast-product-gallery-layout-horizontal","13":"ast-product-tabs-layout-vertical","15":"first","16":"instock","17":"taxable","18":"shipping-taxable","19":"purchasable","20":"product-type-simple"},"_links":{"self":[{"href":"https:\/\/lojaxis.com\/es\/wp-json\/wp\/v2\/product\/3272","targetHints":{"allow":["GET"]}}],"collection":[{"href":"https:\/\/lojaxis.com\/es\/wp-json\/wp\/v2\/product"}],"about":[{"href":"https:\/\/lojaxis.com\/es\/wp-json\/wp\/v2\/types\/product"}],"replies":[{"embeddable":true,"href":"https:\/\/lojaxis.com\/es\/wp-json\/wp\/v2\/comments?post=3272"}],"wp:featuredmedia":[{"embeddable":true,"href":"https:\/\/lojaxis.com\/es\/wp-json\/wp\/v2\/media\/6593"}],"wp:attachment":[{"href":"https:\/\/lojaxis.com\/es\/wp-json\/wp\/v2\/media?parent=3272"}],"wp:term":[{"taxonomy":"product_cat","embeddable":true,"href":"https:\/\/lojaxis.com\/es\/wp-json\/wp\/v2\/product_cat?post=3272"},{"taxonomy":"product_tag","embeddable":true,"href":"https:\/\/lojaxis.com\/es\/wp-json\/wp\/v2\/product_tag?post=3272"}],"curies":[{"name":"wp","href":"https:\/\/api.w.org\/{rel}","templated":true}]}}