{"id":3151,"date":"2017-11-09T19:14:38","date_gmt":"2017-11-09T19:14:38","guid":{"rendered":"http:\/\/176.223.132.137\/?post_type=product&#038;p=3151"},"modified":"2026-04-20T01:06:19","modified_gmt":"2026-04-20T01:06:19","slug":"relogio-garde-start","status":"publish","type":"product","link":"https:\/\/lojaxis.com\/es\/produto\/reloj-garde-start\/","title":{"rendered":"Reloj Gard\u00e9 Start"},"content":{"rendered":"<p>&nbsp;<\/p>\n<p><span style=\"font-weight: 400;\">Este reloj es ideal para los colegios. Es muy sencillo de manejar, duradero y robusto. <\/span><\/p>\n<p><span style=\"font-weight: 400;\">Opera con una pila AA (incluida) y es muy c\u00f3modo de llevar.<\/span><\/p>\n<p><span style=\"font-weight: 400;\">Incluye la opci\u00f3n de bonus o de cuenta atr\u00e1s de hasta 10 horas. Con lo cual es posible configurar todos los ritmos en conformidad con las reglas y regulaciones de la Federa\u00e7\u00e3o Portuguesa de Xadrez (FPX) y de la FIDE. <\/span><\/p>\n<p><span style=\"font-weight: 400;\">Pulsando el bot\u00f3n On\/Off, es posible restablecer el \u00faltimo tiempo configurado.<\/span><\/p>\n<p>Peso: 0,3 Kg<\/p>\n<p>Tama\u00f1o: 14 x 9 x 4.5 cm<\/p>\n<p>P\u00e1gina oficial:<\/p>\n<p><a href=\"http:\/\/www.eurochessinternational.com\/products24.html\" target=\"_blank\" rel=\"noopener noreferrer\">http:\/\/www.eurochessinternational.com\/products24.html<\/a><\/p>","protected":false},"excerpt":{"rendered":"<p>&nbsp; Este reloj es ideal para los colegios. Es muy sencillo de manejar, duradero y robusto. Opera con una pila AA (incluida) y es muy c\u00f3modo de llevar. Incluye la opci\u00f3n de bonus o de cuenta atr\u00e1s de hasta 10 horas. Con lo cual es posible configurar todos los ritmos en conformidad con las reglas &hellip;<\/p>\n<p class=\"read-more\"> <a class=\"\" href=\"https:\/\/lojaxis.com\/es\/produto\/reloj-garde-start\/\"> <span class=\"screen-reader-text\">Reloj Gard\u00e9 Start<\/span> Leer m\u00e1s &raquo;<\/a><\/p>\n","protected":false},"featured_media":10446,"comment_status":"open","ping_status":"closed","template":"","meta":[],"product_cat":[34],"product_tag":[21],"class_list":{"0":"post-3151","1":"product","2":"type-product","3":"status-publish","4":"has-post-thumbnail","6":"product_cat-relogios","7":"product_tag-escolar","8":"product_shipping_class-1kg","9":"align-left","10":"box-shadow-0","11":"box-shadow-3-hover","12":"ast-product-gallery-layout-horizontal","13":"ast-product-tabs-layout-vertical","15":"first","16":"instock","17":"taxable","18":"shipping-taxable","19":"purchasable","20":"product-type-simple"},"_links":{"self":[{"href":"https:\/\/lojaxis.com\/es\/wp-json\/wp\/v2\/product\/3151","targetHints":{"allow":["GET"]}}],"collection":[{"href":"https:\/\/lojaxis.com\/es\/wp-json\/wp\/v2\/product"}],"about":[{"href":"https:\/\/lojaxis.com\/es\/wp-json\/wp\/v2\/types\/product"}],"replies":[{"embeddable":true,"href":"https:\/\/lojaxis.com\/es\/wp-json\/wp\/v2\/comments?post=3151"}],"wp:featuredmedia":[{"embeddable":true,"href":"https:\/\/lojaxis.com\/es\/wp-json\/wp\/v2\/media\/10446"}],"wp:attachment":[{"href":"https:\/\/lojaxis.com\/es\/wp-json\/wp\/v2\/media?parent=3151"}],"wp:term":[{"taxonomy":"product_cat","embeddable":true,"href":"https:\/\/lojaxis.com\/es\/wp-json\/wp\/v2\/product_cat?post=3151"},{"taxonomy":"product_tag","embeddable":true,"href":"https:\/\/lojaxis.com\/es\/wp-json\/wp\/v2\/product_tag?post=3151"}],"curies":[{"name":"wp","href":"https:\/\/api.w.org\/{rel}","templated":true}]}}