{"id":285,"date":"2016-04-05T10:16:01","date_gmt":"2016-04-05T10:16:01","guid":{"rendered":"http:\/\/176.223.132.137\/?product=tabuleiro-mural-magnetico"},"modified":"2026-02-25T16:33:05","modified_gmt":"2026-02-25T16:33:05","slug":"tabuleiro-mural-magnetico","status":"publish","type":"product","link":"https:\/\/lojaxis.com\/es\/produto\/tablero-mural-magnetico\/","title":{"rendered":"Tablero Mural Magn\u00e9tico"},"content":{"rendered":"<p>Tablero mural enrollable magn\u00e9tico de alta calidad, ideal para la ense\u00f1anza de ajedrez en colegios y clubes.<\/p>\n<p>Las piezas est\u00e1n hechas de pl\u00e1stico de textura fina y contienen un im\u00e1n.<\/p>\n<p>Este set mural es muy c\u00f3modo de llevar y contiene una bolsa de almacenamiento.<\/p>\n<p>Dimensiones:<br \/>\nTablero: 71 cm x 66 cm<br \/>\nCasilla: 7 cm x 7cm<br \/>\nRey: 7 cm<\/p>\n<p>Peso total: 2 Kg<\/p>\n<p>(Tr\u00edpode no incluido)<\/p>\n<p>&nbsp;<\/p>","protected":false},"excerpt":{"rendered":"<p>Tablero mural enrollable magn\u00e9tico de alta calidad, ideal para la ense\u00f1anza de ajedrez en colegios y clubes. Las piezas est\u00e1n hechas de pl\u00e1stico de textura fina y contienen un im\u00e1n. Este set mural es muy c\u00f3modo de llevar y contiene una bolsa de almacenamiento. Dimensiones: Tablero: 71 cm x 66 cm Casilla: 7 cm x &hellip;<\/p>\n<p class=\"read-more\"> <a class=\"\" href=\"https:\/\/lojaxis.com\/es\/produto\/tablero-mural-magnetico\/\"> <span class=\"screen-reader-text\">Tablero Mural Magn\u00e9tico<\/span> Leer m\u00e1s &raquo;<\/a><\/p>\n","protected":false},"featured_media":6607,"comment_status":"open","ping_status":"closed","template":"","meta":[],"product_cat":[31],"product_tag":[21],"class_list":{"0":"post-285","1":"product","2":"type-product","3":"status-publish","4":"has-post-thumbnail","6":"product_cat-conjuntos-tabuleiros-e-pecas","7":"product_tag-escolar","8":"product_shipping_class-2kg","9":"align-left","10":"box-shadow-0","11":"box-shadow-3-hover","12":"ast-product-gallery-layout-horizontal","13":"ast-product-tabs-layout-vertical","15":"first","16":"onbackorder","17":"taxable","18":"shipping-taxable","19":"purchasable","20":"product-type-simple"},"_links":{"self":[{"href":"https:\/\/lojaxis.com\/es\/wp-json\/wp\/v2\/product\/285","targetHints":{"allow":["GET"]}}],"collection":[{"href":"https:\/\/lojaxis.com\/es\/wp-json\/wp\/v2\/product"}],"about":[{"href":"https:\/\/lojaxis.com\/es\/wp-json\/wp\/v2\/types\/product"}],"replies":[{"embeddable":true,"href":"https:\/\/lojaxis.com\/es\/wp-json\/wp\/v2\/comments?post=285"}],"wp:featuredmedia":[{"embeddable":true,"href":"https:\/\/lojaxis.com\/es\/wp-json\/wp\/v2\/media\/6607"}],"wp:attachment":[{"href":"https:\/\/lojaxis.com\/es\/wp-json\/wp\/v2\/media?parent=285"}],"wp:term":[{"taxonomy":"product_cat","embeddable":true,"href":"https:\/\/lojaxis.com\/es\/wp-json\/wp\/v2\/product_cat?post=285"},{"taxonomy":"product_tag","embeddable":true,"href":"https:\/\/lojaxis.com\/es\/wp-json\/wp\/v2\/product_tag?post=285"}],"curies":[{"name":"wp","href":"https:\/\/api.w.org\/{rel}","templated":true}]}}