{"id":10643,"date":"2024-02-29T15:51:09","date_gmt":"2024-02-29T15:51:09","guid":{"rendered":"https:\/\/lojaxis.com\/?post_type=product&#038;p=10643"},"modified":"2024-03-12T19:16:21","modified_gmt":"2024-03-12T19:16:21","slug":"conjunto-de-madeira-rome","status":"publish","type":"product","link":"https:\/\/lojaxis.com\/es\/produto\/conjunto-de-madeira-rome\/","title":{"rendered":"Conjunto Rome"},"content":{"rendered":"<p>Tabuleiro de xadrez em madeira de bordo com um design sofisticado. Apesar das casas terem 55 mm  de lado (tamanho oficial do xadrez de competi\u00e7\u00e3o) o tabuleiro tem apenas 450 mm de lado.<\/p>\n<p>\u00c9 ideal para quem quer utilizar pe\u00e7as de tamanho oficial e n\u00e3o quer ocupar muito espa\u00e7o de mesa.<\/p>\n<p>Dimens\u00f5es: 450 x 450 x 13 mm; casas de 55 mm de lado<\/p>\n<p>As pe\u00e7as \u201cGerman Classics\u201d produzidas pela Eurochess, fabricadas na Alemanha em madeira de faia, s\u00e3o simplesmente pesadas para estabilidade (700g).<\/p>\n<p>Peso e altura do Rei: 36 g \u2013 9,7 cm | Base do Rei: 3,5 cm de di\u00e2metro<br \/>\nDama: 34 g \u2013 8,3 cm<br \/>\nTorre: 20 g \u2013 4,6 cm<br \/>\nBispo: 22 g \u2013 6,8 cm<br \/>\nCavalo: 19 g \u2013 5,8 cm<br \/>\nPe\u00e3o: 10 g \u2013 4,5 cm<\/p>\n<p>Peso do conjunto: 588 g<\/p>\n<p>As pe\u00e7as s\u00e3o guardadas num saco de pano.<\/p>","protected":false},"excerpt":{"rendered":"<p>Tabuleiro de xadrez em madeira de bordo com um design sofisticado. Apesar das casas terem 55 mm de lado (tamanho oficial do xadrez de competi\u00e7\u00e3o) o tabuleiro tem apenas 450 mm de lado. \u00c9 ideal para quem quer utilizar pe\u00e7as de tamanho oficial e n\u00e3o quer ocupar muito espa\u00e7o de mesa. Dimens\u00f5es: 450 x 450 &hellip;<\/p>\n<p class=\"read-more\"> <a class=\"\" href=\"https:\/\/lojaxis.com\/es\/produto\/conjunto-de-madeira-rome\/\"> <span class=\"screen-reader-text\">Conjunto Rome<\/span> Leer m\u00e1s &raquo;<\/a><\/p>\n","protected":false},"featured_media":10672,"comment_status":"open","ping_status":"closed","template":"","meta":[],"product_cat":[31],"product_tag":[],"class_list":{"0":"post-10643","1":"product","2":"type-product","3":"status-publish","4":"has-post-thumbnail","6":"product_cat-conjuntos-tabuleiros-e-pecas","7":"align-left","8":"box-shadow-0","9":"box-shadow-3-hover","10":"ast-product-gallery-layout-horizontal","11":"ast-product-tabs-layout-vertical","13":"first","14":"instock","15":"taxable","16":"shipping-taxable","17":"purchasable","18":"product-type-simple"},"_links":{"self":[{"href":"https:\/\/lojaxis.com\/es\/wp-json\/wp\/v2\/product\/10643","targetHints":{"allow":["GET"]}}],"collection":[{"href":"https:\/\/lojaxis.com\/es\/wp-json\/wp\/v2\/product"}],"about":[{"href":"https:\/\/lojaxis.com\/es\/wp-json\/wp\/v2\/types\/product"}],"replies":[{"embeddable":true,"href":"https:\/\/lojaxis.com\/es\/wp-json\/wp\/v2\/comments?post=10643"}],"wp:featuredmedia":[{"embeddable":true,"href":"https:\/\/lojaxis.com\/es\/wp-json\/wp\/v2\/media\/10672"}],"wp:attachment":[{"href":"https:\/\/lojaxis.com\/es\/wp-json\/wp\/v2\/media?parent=10643"}],"wp:term":[{"taxonomy":"product_cat","embeddable":true,"href":"https:\/\/lojaxis.com\/es\/wp-json\/wp\/v2\/product_cat?post=10643"},{"taxonomy":"product_tag","embeddable":true,"href":"https:\/\/lojaxis.com\/es\/wp-json\/wp\/v2\/product_tag?post=10643"}],"curies":[{"name":"wp","href":"https:\/\/api.w.org\/{rel}","templated":true}]}}