{"id":10641,"date":"2024-02-28T18:09:01","date_gmt":"2024-02-28T18:09:01","guid":{"rendered":"https:\/\/lojaxis.com\/?post_type=product&#038;p=10641"},"modified":"2025-12-16T12:22:34","modified_gmt":"2025-12-16T12:22:34","slug":"tabuleiro-philos-helsinquia","status":"publish","type":"product","link":"https:\/\/lojaxis.com\/es\/produto\/tablero-philos-helsinquia\/","title":{"rendered":"Tablero Philos Helsinquia"},"content":{"rendered":"<p>Un tablero de ajedrez de alta calidad y con excelentes acabados de origen alem\u00e1n.<\/p>\n<p>Cuenta con un dise\u00f1o sencillo, sofisticado, elegante, preparado para ser puesto al servicio de los m\u00e1s exigentes de los jugadores.<\/p>\n<p>Bandeja: 55 cm de lado y 1,3 cm de espesor, cuadrados con lados de 5,5 cm.<\/p>","protected":false},"excerpt":{"rendered":"<p>Un tablero de ajedrez de alta calidad y con excelentes acabados de origen alem\u00e1n. Cuenta con un dise\u00f1o sencillo, sofisticado, elegante, preparado para ser puesto al servicio de los m\u00e1s exigentes de los jugadores. Bandeja: 55 cm de lado y 1,3 cm de espesor, cuadrados con lados de 5,5 cm.<\/p>\n","protected":false},"featured_media":108,"comment_status":"open","ping_status":"closed","template":"","meta":[],"product_cat":[53],"product_tag":[],"class_list":{"0":"post-10641","1":"product","2":"type-product","3":"status-publish","4":"has-post-thumbnail","6":"product_cat-tabuleiros","7":"product_shipping_class-3kg","8":"align-left","9":"box-shadow-0","10":"box-shadow-3-hover","11":"ast-product-gallery-layout-horizontal","12":"ast-product-gallery-with-no-image","13":"ast-product-tabs-layout-vertical","15":"first","16":"onbackorder","17":"taxable","18":"shipping-taxable","19":"purchasable","20":"product-type-simple"},"_links":{"self":[{"href":"https:\/\/lojaxis.com\/es\/wp-json\/wp\/v2\/product\/10641","targetHints":{"allow":["GET"]}}],"collection":[{"href":"https:\/\/lojaxis.com\/es\/wp-json\/wp\/v2\/product"}],"about":[{"href":"https:\/\/lojaxis.com\/es\/wp-json\/wp\/v2\/types\/product"}],"replies":[{"embeddable":true,"href":"https:\/\/lojaxis.com\/es\/wp-json\/wp\/v2\/comments?post=10641"}],"wp:featuredmedia":[{"embeddable":true,"href":"https:\/\/lojaxis.com\/es\/wp-json\/wp\/v2\/media\/108"}],"wp:attachment":[{"href":"https:\/\/lojaxis.com\/es\/wp-json\/wp\/v2\/media?parent=10641"}],"wp:term":[{"taxonomy":"product_cat","embeddable":true,"href":"https:\/\/lojaxis.com\/es\/wp-json\/wp\/v2\/product_cat?post=10641"},{"taxonomy":"product_tag","embeddable":true,"href":"https:\/\/lojaxis.com\/es\/wp-json\/wp\/v2\/product_tag?post=10641"}],"curies":[{"name":"wp","href":"https:\/\/api.w.org\/{rel}","templated":true}]}}