{"id":3361,"date":"2015-10-27T15:49:47","date_gmt":"2015-10-27T15:49:47","guid":{"rendered":"http:\/\/176.223.132.137\/?page_id=45"},"modified":"2024-01-12T16:33:28","modified_gmt":"2024-01-12T16:33:28","slug":"sobre-a-loja","status":"publish","type":"page","link":"https:\/\/lojaxis.com\/es\/sobre-a-loja\/","title":{"rendered":"Quienes Somos"},"content":{"rendered":"<p><span style=\"font-weight: 400;\">Loja X (portugu\u00e9s para X tienda, donde X es la inicial de &#8220;Xadrez&#8221;, que significa el ajedrez) es una tienda de ajedrez en Portugal con el objetivo de ofrecer los mejores productos para el torneo de ajedrez, la ense\u00f1anza y todos los amantes del ajedrez en general. Ofrecemos productos que se utilizan a nivel de torneo internacional y los ofrecemos a precios excelentes. <\/span><\/p>\n<p><span style=\"font-weight: 400;\">Ponte en contacto con nosotros si necesitas cualquier informaci\u00f3n o si est\u00e1s buscando productos que no est\u00e1n en el cat\u00e1logo:\u00a0<\/span><a href=\"mailto:geral@176.223.132.137\"><span style=\"font-weight: 400;\">geral@176.223.132.137<\/span><\/a><\/p>\n<p>Rui Guimar\u00e3es<\/p>\n<p>Tel.: (+351) 93 435 16 87<\/p>\n<p>Entra en contacto con nosotros:<\/p>\n<p>[contact-form to=&#8221;geral@176.223.132.137&#8243;][contact-field label=&#8221;Nombre&#8221; type=&#8221;name&#8221; required=&#8221;1&#8243;][contact-field label=&#8221;Correo eletr\u00f3nico&#8221; type=&#8221;email&#8221; required=&#8221;1&#8243;][contact-field label=&#8221;P\u00e1gina web&#8221; type=&#8221;url&#8221;][contact-field label=&#8221;Comentario&#8221; type=&#8221;textarea&#8221; required=&#8221;1&#8243;][\/contact-form]<\/p>","protected":false},"excerpt":{"rendered":"<p>Loja X (portugu\u00e9s para X tienda, donde X es la inicial de &#8220;Xadrez&#8221;, que significa el ajedrez) es una tienda de ajedrez en Portugal con el objetivo de ofrecer los mejores productos para el torneo de ajedrez, la ense\u00f1anza y todos los amantes del ajedrez en general. Ofrecemos productos que se utilizan a nivel de &hellip;<\/p>\n<p class=\"read-more\"> <a class=\"\" href=\"https:\/\/lojaxis.com\/es\/sobre-a-loja\/\"> <span class=\"screen-reader-text\">Quienes Somos<\/span> Leer m\u00e1s &raquo;<\/a><\/p>\n","protected":false},"author":1,"featured_media":3394,"parent":0,"menu_order":4,"comment_status":"open","ping_status":"closed","template":"","meta":{"footnotes":""},"class_list":["post-3361","page","type-page","status-publish","has-post-thumbnail","hentry"],"_links":{"self":[{"href":"https:\/\/lojaxis.com\/es\/wp-json\/wp\/v2\/pages\/3361","targetHints":{"allow":["GET"]}}],"collection":[{"href":"https:\/\/lojaxis.com\/es\/wp-json\/wp\/v2\/pages"}],"about":[{"href":"https:\/\/lojaxis.com\/es\/wp-json\/wp\/v2\/types\/page"}],"author":[{"embeddable":true,"href":"https:\/\/lojaxis.com\/es\/wp-json\/wp\/v2\/users\/1"}],"replies":[{"embeddable":true,"href":"https:\/\/lojaxis.com\/es\/wp-json\/wp\/v2\/comments?post=3361"}],"version-history":[{"count":11,"href":"https:\/\/lojaxis.com\/es\/wp-json\/wp\/v2\/pages\/3361\/revisions"}],"predecessor-version":[{"id":10530,"href":"https:\/\/lojaxis.com\/es\/wp-json\/wp\/v2\/pages\/3361\/revisions\/10530"}],"wp:featuredmedia":[{"embeddable":true,"href":"https:\/\/lojaxis.com\/es\/wp-json\/wp\/v2\/media\/3394"}],"wp:attachment":[{"href":"https:\/\/lojaxis.com\/es\/wp-json\/wp\/v2\/media?parent=3361"}],"curies":[{"name":"wp","href":"https:\/\/api.w.org\/{rel}","templated":true}]}}