{"id":2,"date":"2020-04-15T20:46:58","date_gmt":"2020-04-15T20:46:58","guid":{"rendered":"http:\/\/62.77.152.112\/wordpress\/?page_id=2"},"modified":"2020-04-15T20:46:58","modified_gmt":"2020-04-15T20:46:58","slug":"pagina-exemplo","status":"publish","type":"page","link":"https:\/\/lojaxis.com\/es\/pagina-exemplo\/","title":{"rendered":"Exemplo de p\u00e1gina"},"content":{"rendered":"\n<p>Isto \u00e9 um exemplo de p\u00e1gina. \u00c9 diferente de um artigo porque fica no mesmo s\u00edtio e aparece na navega\u00e7\u00e3o do seu site (na maior parte dos temas). O normal \u00e9 come\u00e7ar com uma p\u00e1gina &#8220;Sobre mim&#8221;\/&#8221;Sobre n\u00f3s&#8221;, que apresenta o site aos visitantes. Pode ser qualquer coisa deste tipo:<\/p>\n\n\n\n<blockquote class=\"wp-block-quote is-layout-flow wp-block-quote-is-layout-flow\"><p>Ol\u00e1! Fa\u00e7o entregas durante o dia, mas estudo para ser ator \u00e0 noite. Este \u00e9 o meu site. Vivo em Lisboa, tenho um c\u00e3o chamado Belarmino e gosto de caipirinhas (e de ver a relva a crescer).<\/p><\/blockquote>\n\n\n\n<p>&#8230; ou algo como isto:<\/p>\n\n\n\n<blockquote class=\"wp-block-quote is-layout-flow wp-block-quote-is-layout-flow\"><p>A Gambozinos XPTO foi fundada em 1971 e tem, desde ent\u00e3o, fornecido gambuzinos da mais alta qualidade aos seus clientes. Localizada em Gotham, a Gambozinos XPTO emprega mais de 2 000 colaboradores, e \u00e9 um dos pilares da comunidade.<\/p><\/blockquote>\n\n\n\n<p>Como novo utilizador do WordPress, deveria ir ao <a href=\"http:\/\/62.77.152.112\/wordpress\/wp-admin\/\">seu painel<\/a> para eliminar esta p\u00e1gina e criar novas p\u00e1ginas do seu pr\u00f3prio conte\u00fado. Divirta-se!<\/p>\n","protected":false},"excerpt":{"rendered":"<p>Isto \u00e9 um exemplo de p\u00e1gina. \u00c9 diferente de um artigo porque fica no mesmo s\u00edtio e aparece na navega\u00e7\u00e3o do seu site (na maior parte dos temas). O normal \u00e9 come\u00e7ar com uma p\u00e1gina &#8220;Sobre mim&#8221;\/&#8221;Sobre n\u00f3s&#8221;, que apresenta o site aos visitantes. Pode ser qualquer coisa deste tipo: Ol\u00e1! Fa\u00e7o entregas durante o &hellip;<\/p>\n<p class=\"read-more\"> <a class=\"\" href=\"https:\/\/lojaxis.com\/es\/pagina-exemplo\/\"> <span class=\"screen-reader-text\">Exemplo de p\u00e1gina<\/span> Leer m\u00e1s &raquo;<\/a><\/p>\n","protected":false},"author":1,"featured_media":0,"parent":0,"menu_order":0,"comment_status":"closed","ping_status":"open","template":"","meta":{"footnotes":""},"class_list":["post-2","page","type-page","status-publish","hentry"],"_links":{"self":[{"href":"https:\/\/lojaxis.com\/es\/wp-json\/wp\/v2\/pages\/2","targetHints":{"allow":["GET"]}}],"collection":[{"href":"https:\/\/lojaxis.com\/es\/wp-json\/wp\/v2\/pages"}],"about":[{"href":"https:\/\/lojaxis.com\/es\/wp-json\/wp\/v2\/types\/page"}],"author":[{"embeddable":true,"href":"https:\/\/lojaxis.com\/es\/wp-json\/wp\/v2\/users\/1"}],"replies":[{"embeddable":true,"href":"https:\/\/lojaxis.com\/es\/wp-json\/wp\/v2\/comments?post=2"}],"version-history":[{"count":0,"href":"https:\/\/lojaxis.com\/es\/wp-json\/wp\/v2\/pages\/2\/revisions"}],"wp:attachment":[{"href":"https:\/\/lojaxis.com\/es\/wp-json\/wp\/v2\/media?parent=2"}],"curies":[{"name":"wp","href":"https:\/\/api.w.org\/{rel}","templated":true}]}}