{"id":3364,"date":"2015-11-01T18:13:59","date_gmt":"2015-11-01T18:13:59","guid":{"rendered":"http:\/\/176.223.132.137\/?page_id=70"},"modified":"2015-11-01T18:13:59","modified_gmt":"2015-11-01T18:13:59","slug":"termos-e-condicoes","status":"publish","type":"page","link":"https:\/\/lojaxis.com\/en\/termos-e-condicoes\/","title":{"rendered":"Terms and Conditions"},"content":{"rendered":"<p><strong>LEIA CUIDADOSAMENTE ESTE CONTRATO. O ACESSO E USO DESTA PLATAFORMA ELECTR\u00d3NICA DE GEST\u00c3O DE PEDIDOS IMPLICA, DA SUA PARTE, UMA ACEITA\u00c7\u00c3O EXPRESSA E SEM RESERVAS DE TODOS OS TERMOS DESTAS CONDI\u00c7\u00d5ES, TENDO A MESMA VALIDADE E EFIC\u00c1CIA QUE QUALQUER CONTRATO CELEBRADO POR ESCRITO E ASSINADO.<\/strong><\/p>\n<ol>\n<li>Se o produto n\u00e3o lhe agradar ou n\u00e3o corresponder \u00e0s suas necessidades, poder\u00e1 devolv\u00ea-lo num per\u00edodo de 14 dias ap\u00f3s a rece\u00e7\u00e3o do mesmo. Os encargos da devolu\u00e7\u00e3o s\u00e3o da responsabilidade do consumidor excepto se o produto tiver sido enviado para este com defeito. Neste caso, disp\u00f5e de 14 dias depois da rece\u00e7\u00e3o do produto para reclamar \u00e0 Loja X e receber\u00e1 instru\u00e7\u00f5es de como proceder para a devolu\u00e7\u00e3o. S\u00f3 se aceitam devolu\u00e7\u00f5es na embalagem original e com todos os documentos inclu\u00eddos.<\/li>\n<li>O cliente \u00e9 respons\u00e1vel por salvaguardar e manter em absoluta confidencialidade o identificador como usu\u00e1rio registado dentro da p\u00e1gina Web, assim como a sua palavra-chave pessoal, responsabilizando-se de n\u00e3o comunic\u00e1-la a nenhum, terceiro n\u00e3o autorizado. O cliente ser\u00e1 respons\u00e1vel pelos\u00a0danos e preju\u00edzos diretos ou indiretos que tenham sido causados por qualquer terceiro se o cliente e\/ou usu\u00e1rio registado perdeu, desviou, descuidou, ou, de qualquer modo, permitiu que um terceiro conhe\u00e7a os dados e informa\u00e7\u00e3o necess\u00e1ria para poder aceder \u00e0 plataforma eletr\u00f3nica e gerir a realiza\u00e7\u00e3o de pedidos de produtos suplantando a identidade do cliente.<\/li>\n<li>Os produtos eletr\u00f3nicos gozam de uma garantia de 2 anos.<\/li>\n<li class=\"ms-rteFontSize-2 ms-rteFontFace-8\">Os pre\u00e7os estabelecidos nesta loja virtual, salvo indica\u00e7\u00e3o em contr\u00e1rio, ser\u00e3o v\u00e1lidos apenas para o dia em que s\u00e3o anunciados, mantendo-se em vigor para o cliente que encomende nessa data, mesmo que receba em dia posterior. Todos os artigos apresentados no site encontram-se sujeitos \u00e0 disponibilidade de stock<\/li>\n<li class=\"ms-rteFontSize-2 ms-rteFontFace-8\">Os pre\u00e7os estabelecidos, salvo erro ortogr\u00e1fico, de publica\u00e7\u00e3o ou rutura de stocks, incluem IVA e s\u00e3o v\u00e1lidos apenas para esta loja e para o dia em que s\u00e3o anunciados. Pre\u00e7os e especifica\u00e7\u00f5es sujeitos a altera\u00e7\u00e3o sem aviso pr\u00e9vio<\/li>\n<\/ol>\n<p><\/p>","protected":false},"excerpt":{"rendered":"<p>LEIA CUIDADOSAMENTE ESTE CONTRATO. O ACESSO E USO DESTA PLATAFORMA ELECTR\u00d3NICA DE GEST\u00c3O DE PEDIDOS IMPLICA, DA SUA PARTE, UMA ACEITA\u00c7\u00c3O EXPRESSA E SEM RESERVAS DE TODOS OS TERMOS DESTAS CONDI\u00c7\u00d5ES, TENDO A MESMA VALIDADE E EFIC\u00c1CIA QUE QUALQUER CONTRATO CELEBRADO POR ESCRITO E ASSINADO. Se o produto n\u00e3o lhe agradar ou n\u00e3o corresponder \u00e0s &hellip;<\/p>\n<p class=\"read-more\"> <a class=\"\" href=\"https:\/\/lojaxis.com\/en\/termos-e-condicoes\/\"> <span class=\"screen-reader-text\">Terms and Conditions<\/span> Read More &raquo;<\/a><\/p>\n","protected":false},"author":1,"featured_media":0,"parent":0,"menu_order":7,"comment_status":"open","ping_status":"closed","template":"","meta":{"footnotes":""},"class_list":["post-3364","page","type-page","status-publish","hentry"],"_links":{"self":[{"href":"https:\/\/lojaxis.com\/en\/wp-json\/wp\/v2\/pages\/3364","targetHints":{"allow":["GET"]}}],"collection":[{"href":"https:\/\/lojaxis.com\/en\/wp-json\/wp\/v2\/pages"}],"about":[{"href":"https:\/\/lojaxis.com\/en\/wp-json\/wp\/v2\/types\/page"}],"author":[{"embeddable":true,"href":"https:\/\/lojaxis.com\/en\/wp-json\/wp\/v2\/users\/1"}],"replies":[{"embeddable":true,"href":"https:\/\/lojaxis.com\/en\/wp-json\/wp\/v2\/comments?post=3364"}],"version-history":[{"count":0,"href":"https:\/\/lojaxis.com\/en\/wp-json\/wp\/v2\/pages\/3364\/revisions"}],"wp:attachment":[{"href":"https:\/\/lojaxis.com\/en\/wp-json\/wp\/v2\/media?parent=3364"}],"curies":[{"name":"wp","href":"https:\/\/api.w.org\/{rel}","templated":true}]}}